{"id":1924,"date":"2021-02-11T15:52:11","date_gmt":"2021-02-11T12:52:11","guid":{"rendered":"https:\/\/forsaj-auto.md\/?page_id=1924"},"modified":"2025-04-14T08:49:49","modified_gmt":"2025-04-14T05:49:49","slug":"contacte","status":"publish","type":"page","link":"https:\/\/forsaj-auto.md\/ro\/contacte\/","title":{"rendered":"Contacte"},"content":{"rendered":"<p>[vc_row el_class=&#8221;margin-top-70&#8243;][vc_column][vc_row_inner top_margin=&#8221;page-margin-top&#8221; css=&#8221;.vc_custom_1611524322271{margin-top: 0px !important;border-top-width: 0px !important;padding-top: 0px !important;}&#8221;][vc_column_inner width=&#8221;1\/3&#8243;]<div class=\"feature-item\"><h5>\u0422\u0435\u043b \/ Viber \/ WhatsApp<\/h5><div class=\"icon sl-small-phone-circle\"><\/div><p>Scoala auto: <a href=\"tel:079114077\">079 11 40 77<\/a><br \/>\nServicii auto: <a href=\"tel:078772020\">078 77 20 20<\/a><br \/>\nChirie-auto: <a href=\"tel:079614077\">0796 14 077<\/a><br \/>\nPiese auto: <a href=\"tel:078414055\">0784 14 055<\/a><br \/>\nAjutor la drum: <a href=\"tel:078126777\">0781 26 777<\/a><\/p><\/div>[\/vc_column_inner][vc_column_inner width=&#8221;1\/3&#8243;]<div class=\"feature-item\"><h5>\u041a\u043e\u043c\u043f\u0430\u043d\u0438\u044f FORSAJ<\/h5><div class=\"icon sl-small-location-map\"><\/div><p>Balti,<br \/>\nStr. Decebal 42\/1<br \/>\n<a href=\"https:\/\/g.page\/autoschool-balti?share\" target=\"_blank\" rel=\"noopener\">Noi suntem pe \u2014 Google harta<\/a><\/p><\/div>[\/vc_column_inner][vc_column_inner width=&#8221;1\/3&#8243;][vc_column_text]<a href=\"https:\/\/forsaj-auto.md\/ro\/noua-filiala-a-scolii-auto-forsaj-acum-si-in-falesti\/\"><img loading=\"lazy\" decoding=\"async\" class=\"wp-image-2339 aligncenter\" src=\"https:\/\/forsaj-auto.md\/wp-content\/uploads\/2021\/01\/scoala-auto-falesti-300x300.png\" alt=\"Scoala Auto Falesti\" width=\"181\" height=\"181\" srcset=\"https:\/\/forsaj-auto.md\/wp-content\/uploads\/2021\/01\/scoala-auto-falesti-300x300.png 300w, https:\/\/forsaj-auto.md\/wp-content\/uploads\/2021\/01\/scoala-auto-falesti-150x150.png 150w, https:\/\/forsaj-auto.md\/wp-content\/uploads\/2021\/01\/scoala-auto-falesti-90x90.png 90w, https:\/\/forsaj-auto.md\/wp-content\/uploads\/2021\/01\/scoala-auto-falesti.png 500w\" sizes=\"auto, (max-width: 181px) 100vw, 181px\" \/><\/a>\u0218coala auto <strong data-start=\"224\" data-end=\"234\">Forsaj<\/strong>, recunoscut\u0103 pentru calitatea preg\u0103tirii viitorilor \u0219oferi, <strong data-start=\"295\" data-end=\"333\">deschide o nou\u0103 filial\u0103 \u00een F\u0103le\u0219ti<\/strong>.<\/p>\n<p>Ne g\u0103si\u021bi pe <strong data-start=\"348\" data-end=\"386\">str. Mihai Eminescu 35, etajul doi =&gt; <a href=\"https:\/\/maps.app.goo.gl\/fcYd5XrzfpwzkmoT9\" target=\"_blank\" rel=\"nofollow noopener\">Google harta<\/a><\/strong>.<\/p>\n<p>\ud83d\udcde <strong data-start=\"1061\" data-end=\"1089\">Telefon pentru \u00eenscrieri<\/strong>: <a href=\"tel:0783 14 077\">0783 14 077<\/a>[\/vc_column_text][\/vc_column_inner][\/vc_row_inner]<h3 class=\" box-header page-margin-top\">Asteptam mesajul Dvs.<\/h3><form class=\"contact-form page-margin-top\" id=\"contact_form\" method=\"post\" action=\"#\">\n\t\t<div class=\"vc_row wpb_row vc_inner\">\n\t\t\t<fieldset class=\"vc_col-sm-6 wpb_column vc_column_container\">\n\t\t\t\t<div class=\"block\">\n\t\t\t\t\t<input class=\"text_input\" name=\"name\" type=\"text\" value=\"Numele *\" placeholder=\"Numele *\" data-default=\"Numele *\" data-required=\"1\">\n\t\t\t\t<\/div>\n\t\t\t\t<div class=\"block\">\n\t\t\t\t\t<input class=\"text_input\" name=\"email\" type=\"text\" value=\"Email\" placeholder=\"Email\" data-default=\"Email\">\n\t\t\t\t<\/div>\n\t\t\t\t<div class=\"block\">\n\t\t\t\t\t<input class=\"text_input\" name=\"phone\" type=\"text\" value=\"Telefon *\" placeholder=\"Telefon *\" data-default=\"Telefon *\" data-required=\"1\">\n\t\t\t\t<\/div>\n\t\t\t<\/fieldset>\n\t\t\t<fieldset class=\"vc_col-sm-6 wpb_column vc_column_container\">\n\t\t\t\t<div class=\"block\">\n\t\t\t\t\t<textarea class=\"margin_top_10\" name=\"message\" placeholder=\"Mesaj\" data-default=\"Mesaj\">Mesaj<\/textarea>\n\t\t\t\t<\/div>\n\t\t\t<\/fieldset>\n\t\t<\/div>\n\t\t<div class=\"vc_row wpb_row vc_inner submit-container margin-top-30 row-with-recaptcha\"><div class=\"vc_col-sm-6 wpb_column vc_column_container\">\n\t\t\t\t\t<p>Obligatoriu *<\/p>\n\t\t\t\t<\/div>\n\t\t\t\t<div class=\"vc_col-sm-6 wpb_column vc_column_container column-with-recaptcha\"><input type=\"hidden\" name=\"action\" value=\"theme_contact_form\">\n\t\t\t\t<input type=\"hidden\" name=\"id\" value=\"contact_form\"><div class=\"terms-container block\">\n\t\t\t\t\t<input type=\"checkbox\" name=\"terms\" id=\"contact_formterms\" value=\"1\"><label for=\"contact_formterms\">Sunt de acord cu prelucrarea datelor cu caracter personal \u0219i <a href='https:\/\/forsaj-auto.md\/policy'> Politica de confiden\u021bialitate<\/a>.<\/label>\n\t\t\t\t<\/div><div class=\"recaptcha-container\"><div class=\"vc_row wpb_row vc_inner margin-top-20 padding-bottom-20 button-with-recaptcha\">\n\t\t\t\t\t<a class=\"more submit-contact-form\" href=\"#\" title=\"TRIMITE\"><span>TRIMITE<\/span><\/a>\n\t\t\t\t<\/div><div class=\"g-recaptcha-wrapper block\"><div class=\"g-recaptcha\" data-sitekey=\"6LfqyLcZAAAAAE5SbN4OG_wT8qt2F1UHTinfcQHz\"><\/div><\/div><\/div><\/div><\/div>\n\t<\/form>[\/vc_column][\/vc_row]<\/p>\n","protected":false},"excerpt":{"rendered":"<p>[vc_row el_class=&#8221;margin-top-70&#8243;][vc_column][vc_row_inner top_margin=&#8221;page-margin-top&#8221; css=&#8221;.vc_custom_1611524322271{margin-top: 0px !important;border-top-width: 0px !important;padding-top: 0px !important;}&#8221;][vc_column_inner width=&#8221;1\/3&#8243;][\/vc_column_inner][vc_column_inner width=&#8221;1\/3&#8243;][\/vc_column_inner][vc_column_inner width=&#8221;1\/3&#8243;][vc_column_text]\u0218coala auto Forsaj, recunoscut\u0103 pentru calitatea preg\u0103tirii viitorilor \u0219oferi, deschide o nou\u0103 filial\u0103 \u00een F\u0103le\u0219ti. Ne g\u0103si\u021bi pe str. Mihai Eminescu 35, etajul doi =&gt; Google harta. \ud83d\udcde Telefon pentru \u00eenscrieri: 0783 14 077[\/vc_column_text][\/vc_column_inner][\/vc_row_inner][\/vc_column][\/vc_row]<\/p>\n","protected":false},"author":1,"featured_media":0,"parent":0,"menu_order":0,"comment_status":"closed","ping_status":"closed","template":"","meta":{"footnotes":""},"class_list":["post-1924","page","type-page","status-publish","hentry"],"aioseo_notices":[],"_links":{"self":[{"href":"https:\/\/forsaj-auto.md\/ro\/wp-json\/wp\/v2\/pages\/1924","targetHints":{"allow":["GET"]}}],"collection":[{"href":"https:\/\/forsaj-auto.md\/ro\/wp-json\/wp\/v2\/pages"}],"about":[{"href":"https:\/\/forsaj-auto.md\/ro\/wp-json\/wp\/v2\/types\/page"}],"author":[{"embeddable":true,"href":"https:\/\/forsaj-auto.md\/ro\/wp-json\/wp\/v2\/users\/1"}],"replies":[{"embeddable":true,"href":"https:\/\/forsaj-auto.md\/ro\/wp-json\/wp\/v2\/comments?post=1924"}],"version-history":[{"count":7,"href":"https:\/\/forsaj-auto.md\/ro\/wp-json\/wp\/v2\/pages\/1924\/revisions"}],"predecessor-version":[{"id":2354,"href":"https:\/\/forsaj-auto.md\/ro\/wp-json\/wp\/v2\/pages\/1924\/revisions\/2354"}],"wp:attachment":[{"href":"https:\/\/forsaj-auto.md\/ro\/wp-json\/wp\/v2\/media?parent=1924"}],"curies":[{"name":"wp","href":"https:\/\/api.w.org\/{rel}","templated":true}]}}