{"id":1929,"date":"2021-02-11T15:53:49","date_gmt":"2021-02-11T12:53:49","guid":{"rendered":"https:\/\/forsaj-auto.md\/?page_id=1929"},"modified":"2021-02-11T15:53:49","modified_gmt":"2021-02-11T12:53:49","slug":"stiri-si-evenimente","status":"publish","type":"page","link":"https:\/\/forsaj-auto.md\/ro\/stiri-si-evenimente\/","title":{"rendered":"Stiri si evenimente"},"content":{"rendered":"<p>[vc_row el_class=&#8221;margin-top-70&#8243;][vc_column width=&#8221;3\/4&#8243;]<div class=\"vc_row wpb_row vc_row-fluid\"><ul class=\"blog clearfix\"><li class=\" post post-2334 type-post status-publish format-standard has-post-thumbnail hentry tag-falesti tag-forsaj tag-scoala-auto-falesti\"><a class=\"post-image\" href=\"https:\/\/forsaj-auto.md\/ro\/noua-filiala-a-scolii-auto-forsaj-acum-si-in-falesti\/\" title=\"Noua filial\u0103 a \u0219colii auto Forsaj \u2013 acum \u0219i \u00een F\u0103le\u0219ti!\"><img loading=\"lazy\" decoding=\"async\" width=\"870\" height=\"580\" src=\"https:\/\/forsaj-auto.md\/wp-content\/uploads\/2025\/04\/forsaj-falesti-870x580.png\" class=\"attachment-blog-post-thumb size-blog-post-thumb wp-post-image\" alt=\"Noua filial\u0103 a \u0219colii auto Forsaj \u2013 acum \u0219i \u00een F\u0103le\u0219ti!\" title=\"\" srcset=\"https:\/\/forsaj-auto.md\/wp-content\/uploads\/2025\/04\/forsaj-falesti-870x580.png 870w, https:\/\/forsaj-auto.md\/wp-content\/uploads\/2025\/04\/forsaj-falesti-570x380.png 570w, https:\/\/forsaj-auto.md\/wp-content\/uploads\/2025\/04\/forsaj-falesti-480x320.png 480w, https:\/\/forsaj-auto.md\/wp-content\/uploads\/2025\/04\/forsaj-falesti-390x260.png 390w, https:\/\/forsaj-auto.md\/wp-content\/uploads\/2025\/04\/forsaj-falesti-270x180.png 270w\" sizes=\"auto, (max-width: 870px) 100vw, 870px\" \/><\/a><div class=\"post-content-details-container clearfix\"><ul class=\"post-content-details margin-right-20\"><li>aprilie 13, 2025<\/li><li>By <a href=\"https:\/\/forsaj-auto.md\/ro\/author\/maestro\/\" title=\"FORSAJ\">FORSAJ<\/a><\/li><li>In <\/li><\/ul><ul class=\"post-content-details right\"><li class=\"template-eye\">552<\/li><li class=\"template-bubble\"><a href=\"https:\/\/forsaj-auto.md\/ro\/noua-filiala-a-scolii-auto-forsaj-acum-si-in-falesti\/#respond\" title=\"0 comments\">0<\/a><\/li><\/ul><\/div><h3 class=\"box-header\"><a href=\"https:\/\/forsaj-auto.md\/ro\/noua-filiala-a-scolii-auto-forsaj-acum-si-in-falesti\/\" title=\"Noua filial\u0103 a \u0219colii auto Forsaj \u2013 acum \u0219i \u00een F\u0103le\u0219ti!\">Noua filial\u0103 a \u0219colii auto Forsaj \u2013 acum \u0219i \u00een F\u0103le\u0219ti!<\/a><\/h3><p>\u0218coala auto Forsaj, recunoscut\u0103 pentru calitatea preg\u0103tirii viitorilor \u0219oferi, deschide o nou\u0103 filial\u0103 \u00een F\u0103le\u0219ti.<\/p>\n<div class=\"vc_row wpb_row vc_row-fluid padding-top-54 padding-bottom-20\"><a title=\"READ MORE\" href=\"https:\/\/forsaj-auto.md\/ro\/noua-filiala-a-scolii-auto-forsaj-acum-si-in-falesti\/\" class=\"more\"><span>READ MORE<\/span><\/a><\/div><\/li><li class=\" post post-2326 type-post status-publish format-standard has-post-thumbnail hentry category-serviciu-de-livrare\"><a class=\"post-image\" href=\"https:\/\/forsaj-auto.md\/ro\/flori-livrare-combinatia-perfecta-pentru-orice-sarbatoare\/\" title=\"Flori + livrare: combina\u021bia perfect\u0103 pentru orice s\u0103rb\u0103toare!\"><img loading=\"lazy\" decoding=\"async\" width=\"870\" height=\"580\" src=\"https:\/\/forsaj-auto.md\/wp-content\/uploads\/2025\/01\/1643817160_88022978-870x580.jpg\" class=\"attachment-blog-post-thumb size-blog-post-thumb wp-post-image\" alt=\"Flori + livrare: combina\u021bia perfect\u0103 pentru orice s\u0103rb\u0103toare!\" title=\"\" srcset=\"https:\/\/forsaj-auto.md\/wp-content\/uploads\/2025\/01\/1643817160_88022978-870x580.jpg 870w, https:\/\/forsaj-auto.md\/wp-content\/uploads\/2025\/01\/1643817160_88022978-570x380.jpg 570w, https:\/\/forsaj-auto.md\/wp-content\/uploads\/2025\/01\/1643817160_88022978-480x320.jpg 480w, https:\/\/forsaj-auto.md\/wp-content\/uploads\/2025\/01\/1643817160_88022978-390x260.jpg 390w, https:\/\/forsaj-auto.md\/wp-content\/uploads\/2025\/01\/1643817160_88022978-270x180.jpg 270w\" sizes=\"auto, (max-width: 870px) 100vw, 870px\" \/><\/a><div class=\"post-content-details-container clearfix\"><ul class=\"post-content-details margin-right-20\"><li>ianuarie 28, 2025<\/li><li>By <a href=\"https:\/\/forsaj-auto.md\/ro\/author\/maestro\/\" title=\"FORSAJ\">FORSAJ<\/a><\/li><li>In <a class=\"category-50\" href=\"https:\/\/forsaj-auto.md\/ro\/serviciu-de-livrare\/\" title=\"Serviciu de livrare\">Serviciu de livrare<\/a><\/li><\/ul><ul class=\"post-content-details right\"><li class=\"template-eye\">156<\/li><li class=\"template-bubble\"><a href=\"https:\/\/forsaj-auto.md\/ro\/flori-livrare-combinatia-perfecta-pentru-orice-sarbatoare\/#respond\" title=\"0 comments\">0<\/a><\/li><\/ul><\/div><h3 class=\"box-header\"><a href=\"https:\/\/forsaj-auto.md\/ro\/flori-livrare-combinatia-perfecta-pentru-orice-sarbatoare\/\" title=\"Flori + livrare: combina\u021bia perfect\u0103 pentru orice s\u0103rb\u0103toare!\">Flori + livrare: combina\u021bia perfect\u0103 pentru orice s\u0103rb\u0103toare!<\/a><\/h3><p>Forsaj-Auto, \u00een colaborare cu Livrare-Flori.md, \u00ee\u021bi ofer\u0103 un serviciu exclusiv de livrare a florilor \u00een B\u0103l\u021bi \u0219i \u00een toat\u0103 partea de nord a Moldovei!<\/p>\n<div class=\"vc_row wpb_row vc_row-fluid padding-top-54 padding-bottom-20\"><a title=\"READ MORE\" href=\"https:\/\/forsaj-auto.md\/ro\/flori-livrare-combinatia-perfecta-pentru-orice-sarbatoare\/\" class=\"more\"><span>READ MORE<\/span><\/a><\/div><\/li><li class=\" post post-2319 type-post status-publish format-standard has-post-thumbnail hentry\"><a class=\"post-image\" href=\"https:\/\/forsaj-auto.md\/ro\/libertate-de-miscare-cu-forsaj-inchiriere-auto-in-balti-si-in-nordul-moldovei\/\" title=\"Libertate de mi\u0219care cu Forsaj: \u00eenchiriere auto \u00een B\u0103l\u021bi \u0219i \u00een nordul Moldovei\"><img loading=\"lazy\" decoding=\"async\" width=\"870\" height=\"575\" src=\"https:\/\/forsaj-auto.md\/wp-content\/uploads\/2025\/01\/arenda-avto-moldova-870x575.jpg\" class=\"attachment-blog-post-thumb size-blog-post-thumb wp-post-image\" alt=\"Libertate de mi\u0219care cu Forsaj: \u00eenchiriere auto \u00een B\u0103l\u021bi \u0219i \u00een nordul Moldovei\" title=\"\" \/><\/a><div class=\"post-content-details-container clearfix\"><ul class=\"post-content-details margin-right-20\"><li>ianuarie 28, 2025<\/li><li>By <a href=\"https:\/\/forsaj-auto.md\/ro\/author\/maestro\/\" title=\"FORSAJ\">FORSAJ<\/a><\/li><li>In <\/li><\/ul><ul class=\"post-content-details right\"><li class=\"template-eye\">181<\/li><li class=\"template-bubble\"><a href=\"https:\/\/forsaj-auto.md\/ro\/libertate-de-miscare-cu-forsaj-inchiriere-auto-in-balti-si-in-nordul-moldovei\/#respond\" title=\"0 comments\">0<\/a><\/li><\/ul><\/div><h3 class=\"box-header\"><a href=\"https:\/\/forsaj-auto.md\/ro\/libertate-de-miscare-cu-forsaj-inchiriere-auto-in-balti-si-in-nordul-moldovei\/\" title=\"Libertate de mi\u0219care cu Forsaj: \u00eenchiriere auto \u00een B\u0103l\u021bi \u0219i \u00een nordul Moldovei\">Libertate de mi\u0219care cu Forsaj: \u00eenchiriere auto \u00een B\u0103l\u021bi \u0219i \u00een nordul Moldovei<\/a><\/h3><p>\u00cenchiriaz\u0103 o ma\u0219in\u0103 de la Forsaj \u0219i descoper\u0103 toate frumuse\u021bile nordului Moldovei!<\/p>\n<div class=\"vc_row wpb_row vc_row-fluid padding-top-54 padding-bottom-20\"><a title=\"READ MORE\" href=\"https:\/\/forsaj-auto.md\/ro\/libertate-de-miscare-cu-forsaj-inchiriere-auto-in-balti-si-in-nordul-moldovei\/\" class=\"more\"><span>READ MORE<\/span><\/a><\/div><\/li><\/ul><\/div><ul class='pagination clearfix page-margin-top'><li class='selected'><span>1<\/span><\/li><li><a href='https:\/\/forsaj-auto.md\/ro\/wp-json\/wp\/v2\/pages\/1929\/page\/2\/'>2<\/a><\/li><li><a href='https:\/\/forsaj-auto.md\/ro\/wp-json\/wp\/v2\/pages\/1929\/page\/3\/'>3<\/a><\/li><li><a href='https:\/\/forsaj-auto.md\/ro\/wp-json\/wp\/v2\/pages\/1929\/page\/2\/'>&rsaquo;<\/a><\/li><li><a href='https:\/\/forsaj-auto.md\/ro\/wp-json\/wp\/v2\/pages\/1929\/page\/11\/'>&raquo;<\/a><\/li><\/ul>[\/vc_column][vc_column type=&#8221;cs-smart-column&#8221; width=&#8221;1\/4&#8243;]<div class=\"call-to-action\"><div class=\"hexagon small\"><div class=\"sl-small-percent\"><\/div><\/div><h4>DON\u0102M REDUCERE<\/h4><p class=\"description\">To\u021bi clien\u021bii FORSAJ se bucur\u0103 de avantajul cardurilor de reducere \u0219i primesc p\u00e2n\u0103 la 10% reducere la toate tipurile de servicii oferite!<\/p><a class=\"more\" href=\"\/kontakty\/\" title=\"VREAU O REDUCERE!\"><span>VREAU O REDUCERE!<\/span><\/a><\/div><h6 class=\" box-header page-margin-top\">STIRI<\/h6><div class=\"vc_row wpb_row vc_row-fluid\"><ul class=\"blog clearfix small margin-top-30\"><li class=\"small post post-2334 type-post status-publish format-standard has-post-thumbnail hentry tag-falesti tag-forsaj tag-scoala-auto-falesti\"><a class=\"post-image\" href=\"https:\/\/forsaj-auto.md\/ro\/noua-filiala-a-scolii-auto-forsaj-acum-si-in-falesti\/\" title=\"Noua filial\u0103 a \u0219colii auto Forsaj \u2013 acum \u0219i \u00een F\u0103le\u0219ti!\"><img loading=\"lazy\" decoding=\"async\" width=\"90\" height=\"90\" src=\"https:\/\/forsaj-auto.md\/wp-content\/uploads\/2025\/04\/forsaj-falesti-90x90.png\" class=\"attachment-tiny-thumb size-tiny-thumb wp-post-image\" alt=\"Noua filial\u0103 a \u0219colii auto Forsaj \u2013 acum \u0219i \u00een F\u0103le\u0219ti!\" title=\"\" srcset=\"https:\/\/forsaj-auto.md\/wp-content\/uploads\/2025\/04\/forsaj-falesti-90x90.png 90w, https:\/\/forsaj-auto.md\/wp-content\/uploads\/2025\/04\/forsaj-falesti-300x300.png 300w, https:\/\/forsaj-auto.md\/wp-content\/uploads\/2025\/04\/forsaj-falesti-1024x1024.png 1024w, https:\/\/forsaj-auto.md\/wp-content\/uploads\/2025\/04\/forsaj-falesti-150x150.png 150w, https:\/\/forsaj-auto.md\/wp-content\/uploads\/2025\/04\/forsaj-falesti-768x768.png 768w, https:\/\/forsaj-auto.md\/wp-content\/uploads\/2025\/04\/forsaj-falesti.png 1500w\" sizes=\"auto, (max-width: 90px) 100vw, 90px\" \/><\/a><div class=\"post-content\"><a href=\"https:\/\/forsaj-auto.md\/ro\/noua-filiala-a-scolii-auto-forsaj-acum-si-in-falesti\/\" title=\"Noua filial\u0103 a \u0219colii auto Forsaj \u2013 acum \u0219i \u00een F\u0103le\u0219ti!\">Noua filial\u0103 a \u0219colii auto Forsaj \u2013 acum \u0219i \u00een F\u0103le\u0219ti!<\/a><ul class=\"post-content-details\"><li>aprilie 13, 2025<\/li><\/ul><\/div><\/li><li class=\"small post post-2326 type-post status-publish format-standard has-post-thumbnail hentry category-serviciu-de-livrare\"><a class=\"post-image\" href=\"https:\/\/forsaj-auto.md\/ro\/flori-livrare-combinatia-perfecta-pentru-orice-sarbatoare\/\" title=\"Flori + livrare: combina\u021bia perfect\u0103 pentru orice s\u0103rb\u0103toare!\"><img loading=\"lazy\" decoding=\"async\" width=\"90\" height=\"90\" src=\"https:\/\/forsaj-auto.md\/wp-content\/uploads\/2025\/01\/1643817160_88022978-90x90.jpg\" class=\"attachment-tiny-thumb size-tiny-thumb wp-post-image\" alt=\"Flori + livrare: combina\u021bia perfect\u0103 pentru orice s\u0103rb\u0103toare!\" title=\"\" srcset=\"https:\/\/forsaj-auto.md\/wp-content\/uploads\/2025\/01\/1643817160_88022978-90x90.jpg 90w, https:\/\/forsaj-auto.md\/wp-content\/uploads\/2025\/01\/1643817160_88022978-300x300.jpg 300w, https:\/\/forsaj-auto.md\/wp-content\/uploads\/2025\/01\/1643817160_88022978-150x150.jpg 150w, https:\/\/forsaj-auto.md\/wp-content\/uploads\/2025\/01\/1643817160_88022978-768x768.jpg 768w, https:\/\/forsaj-auto.md\/wp-content\/uploads\/2025\/01\/1643817160_88022978.jpg 1000w\" sizes=\"auto, (max-width: 90px) 100vw, 90px\" \/><\/a><div class=\"post-content\"><a href=\"https:\/\/forsaj-auto.md\/ro\/flori-livrare-combinatia-perfecta-pentru-orice-sarbatoare\/\" title=\"Flori + livrare: combina\u021bia perfect\u0103 pentru orice s\u0103rb\u0103toare!\">Flori + livrare: combina\u021bia perfect\u0103 pentru orice s\u0103rb\u0103toare!<\/a><ul class=\"post-content-details\"><li>ianuarie 28, 2025<\/li><\/ul><\/div><\/li><li class=\"small post post-2319 type-post status-publish format-standard has-post-thumbnail hentry\"><a class=\"post-image\" href=\"https:\/\/forsaj-auto.md\/ro\/libertate-de-miscare-cu-forsaj-inchiriere-auto-in-balti-si-in-nordul-moldovei\/\" title=\"Libertate de mi\u0219care cu Forsaj: \u00eenchiriere auto \u00een B\u0103l\u021bi \u0219i \u00een nordul Moldovei\"><img loading=\"lazy\" decoding=\"async\" width=\"90\" height=\"90\" src=\"https:\/\/forsaj-auto.md\/wp-content\/uploads\/2025\/01\/arenda-avto-moldova-90x90.jpg\" class=\"attachment-tiny-thumb size-tiny-thumb wp-post-image\" alt=\"Libertate de mi\u0219care cu Forsaj: \u00eenchiriere auto \u00een B\u0103l\u021bi \u0219i \u00een nordul Moldovei\" title=\"\" srcset=\"https:\/\/forsaj-auto.md\/wp-content\/uploads\/2025\/01\/arenda-avto-moldova-90x90.jpg 90w, https:\/\/forsaj-auto.md\/wp-content\/uploads\/2025\/01\/arenda-avto-moldova-150x150.jpg 150w\" sizes=\"auto, (max-width: 90px) 100vw, 90px\" \/><\/a><div class=\"post-content\"><a href=\"https:\/\/forsaj-auto.md\/ro\/libertate-de-miscare-cu-forsaj-inchiriere-auto-in-balti-si-in-nordul-moldovei\/\" title=\"Libertate de mi\u0219care cu Forsaj: \u00eenchiriere auto \u00een B\u0103l\u021bi \u0219i \u00een nordul Moldovei\">Libertate de mi\u0219care cu Forsaj: \u00eenchiriere auto \u00een B\u0103l\u021bi \u0219i \u00een nordul Moldovei<\/a><ul class=\"post-content-details\"><li>ianuarie 28, 2025<\/li><\/ul><\/div><\/li><\/ul><\/div>[\/vc_column][\/vc_row]<\/p>\n","protected":false},"excerpt":{"rendered":"<p>[vc_row el_class=&#8221;margin-top-70&#8243;][vc_column width=&#8221;3\/4&#8243;][\/vc_column][vc_column type=&#8221;cs-smart-column&#8221; width=&#8221;1\/4&#8243;][\/vc_column][\/vc_row]<\/p>\n","protected":false},"author":1,"featured_media":0,"parent":0,"menu_order":0,"comment_status":"open","ping_status":"closed","template":"template-blog.php","meta":{"footnotes":""},"class_list":["post-1929","page","type-page","status-publish","hentry"],"aioseo_notices":[],"_links":{"self":[{"href":"https:\/\/forsaj-auto.md\/ro\/wp-json\/wp\/v2\/pages\/1929","targetHints":{"allow":["GET"]}}],"collection":[{"href":"https:\/\/forsaj-auto.md\/ro\/wp-json\/wp\/v2\/pages"}],"about":[{"href":"https:\/\/forsaj-auto.md\/ro\/wp-json\/wp\/v2\/types\/page"}],"author":[{"embeddable":true,"href":"https:\/\/forsaj-auto.md\/ro\/wp-json\/wp\/v2\/users\/1"}],"replies":[{"embeddable":true,"href":"https:\/\/forsaj-auto.md\/ro\/wp-json\/wp\/v2\/comments?post=1929"}],"version-history":[{"count":3,"href":"https:\/\/forsaj-auto.md\/ro\/wp-json\/wp\/v2\/pages\/1929\/revisions"}],"predecessor-version":[{"id":1932,"href":"https:\/\/forsaj-auto.md\/ro\/wp-json\/wp\/v2\/pages\/1929\/revisions\/1932"}],"wp:attachment":[{"href":"https:\/\/forsaj-auto.md\/ro\/wp-json\/wp\/v2\/media?parent=1929"}],"curies":[{"name":"wp","href":"https:\/\/api.w.org\/{rel}","templated":true}]}}