{"id":1933,"date":"2021-02-11T16:04:07","date_gmt":"2021-02-11T13:04:07","guid":{"rendered":"https:\/\/forsaj-auto.md\/?page_id=1933"},"modified":"2021-02-11T16:04:07","modified_gmt":"2021-02-11T13:04:07","slug":"despre-compania-forsaj","status":"publish","type":"page","link":"https:\/\/forsaj-auto.md\/ro\/despre-compania-forsaj\/","title":{"rendered":"Despre compania Forsaj"},"content":{"rendered":"<p>[vc_row el_class=&#8221;margin-top-70&#8243;][vc_column width=&#8221;1\/2&#8243;][vc_column_text el_class=&#8221;description margin-top-0&#8243;]Grupul de companii \u201eFORSAJ\u201d este o echip\u0103 de profesioni\u0219ti \u0219i oameni cu aceea\u0219i idei, care combin\u0103 \u00eentreaga gam\u0103 de servicii legate de ma\u0219ini. \u0218coala de \u0219oferi Forsaj este renumit\u0103 pentru elevii, profesorii \u0219i instructorii s\u0103i. Service auto Forsaj ofer\u0103 proprietarilor de automobile o gam\u0103 complet\u0103 de servicii pentru \u00eentre\u021binerea \u0219i repararea acestora. Atelierul de repara\u021bii auto hibrid func\u021bioneaz\u0103 pe baza service-ului auto. \u00cen timp ce ma\u0219ina Dvs. este reparat\u0103, pute\u021bi \u00eenchiria o ma\u0219in\u0103 la \u00eenchirieri auto Forsaj.<\/p>\n<p>Pentru a repara ma\u0219ina, ave\u021bi nevoie de piese de schimb care sunt \u00eentotdeauna disponibile \u0219i la comand\u0103.<\/p>\n<p>\u00cen plus, compania noastr\u0103 ofer\u0103 servicii de asisten\u021b\u0103 rutier\u0103, cum ar fi umflarea ro\u021bilor, bricheta auto, \u0219oferul sobru \u0219i altele.[\/vc_column_text]<h4 class=\" box-header margin-top-40\">De ce ar trebui s\u0103 ai \u00eencredere \u00een noi<\/h4><ul class=\"list margin-top-30\"><\/p>\n<ul>\n<li>Echipa de profesioni\u0219ti<\/li>\n<li>Apreciem timpul nostru \u0219i al clien\u021bilor no\u0219tri<\/li>\n<li>Orientare catre client<\/li>\n<li>Oferim o gam\u0103 larg\u0103 de servicii<\/li>\n<li>Orientate spre rezultate<\/li>\n<li>Inova\u021bii<\/li>\n<li>Deschidere spre nou<\/li>\n<\/ul>\n<p><\/ul>[\/vc_column][vc_column width=&#8221;1\/2&#8243;][vc_single_image image=&#8221;922&#8243; img_size=&#8221;gallery-thumb&#8221; onclick=&#8221;img_link_large&#8221; el_class=&#8221;cs-lightbox&#8221;][vc_row_inner el_class=&#8221;margin-top-30&#8243;][vc_column_inner width=&#8221;1\/2&#8243;][vc_single_image image=&#8221;924&#8243; img_size=&#8221;medium-thumb&#8221; onclick=&#8221;img_link_large&#8221; el_class=&#8221;cs-lightbox&#8221;][\/vc_column_inner][vc_column_inner width=&#8221;1\/2&#8243;][vc_single_image image=&#8221;919&#8243; img_size=&#8221;medium-thumb&#8221; onclick=&#8221;img_link_large&#8221; el_class=&#8221;cs-lightbox&#8221;][\/vc_column_inner][\/vc_row_inner][\/vc_column][\/vc_row][vc_row top_margin=&#8221;page-margin-top-section&#8221; el_class=&#8221;padding-bottom-66&#8243;][vc_column]<h2 class=\" box-header\">Servicii FORSAJ<\/h2>[vc_row_inner top_margin=&#8221;page-margin-top-section&#8221;][vc_column_inner width=&#8221;1\/3&#8243;]<div class=\"feature-item\"><h5>Scoala auto<\/h5><div class=\"icon sl-small-car-wheel\"><\/div><p>Experien\u021b\u0103 excelent\u0103 \u0219i un parc de ma\u0219ini, cei mai buni instructori, profesori \u0219i studen\u021bi!<\/p><\/div><div class=\"feature-item\"><h5>\u00cenchirieri ma\u0219ini<\/h5><div class=\"icon sl-small-car-key\"><\/div><p>\u00cenchirieri \u0219i parcurs auto \u00een nordul Moldovei \u0219i \u00een ora\u0219ul B\u0103l\u021bi. Cele mai favorabile condi\u021bii!<\/p><\/div>[\/vc_column_inner][vc_column_inner width=&#8221;1\/3&#8243;]<div class=\"feature-item\"><h5>Service auto<\/h5><div class=\"icon sl-small-car-fix\"><\/div><p>Servicii profesionale pentru toate m\u0103rcile de ma\u0219ini &#8211; speciali\u0219ti, echipamente \u0219i scule<\/p><\/div><div class=\"feature-item\"><h5>Piese auto<\/h5><div class=\"icon sl-small-car-checklist\"><\/div><p>Piese de schimb pentru toate m\u0103rcile de ma\u0219ini sunt disponibile \u0219i la comand\u0103. Distribuitor al m\u0103rcilor Brisk \u0219i Tesla.<\/p><\/div><div class=\"feature-item\"><h5>Hibrid service <\/h5><div class=\"icon sl-small-eco-car\"><\/div><p>Repararea \u0219i \u00eentre\u021binerea autoturismelor HYBRID \u00een singurul centru specializat.<\/p><\/div>[\/vc_column_inner][vc_column_inner width=&#8221;1\/3&#8243;]<div class=\"feature-item\"><h5>Asisten\u021b\u0103 rutier\u0103<\/h5><div class=\"icon sl-small-truck-tow\"><\/div><p>Servicii de remorcare, \u0219ofer sobru, brichet\u0103, pompare ro\u021bi, remorcare ma\u0219in\u0103.<\/p><\/div><div class=\"feature-item\"><h5>Serviciu de livrare<\/h5><div class=\"icon sl-small-shopping-cart\"><\/div><p>Livrare de produse alimentare gata preparate de la restaurante \u0219i cafenele din B\u0103l\u021bi. livrarea alimentelor de la supermarket.<\/p><\/div>[\/vc_column_inner][\/vc_row_inner][\/vc_column][\/vc_row][vc_row type=&#8221;full-width&#8221; el_class=&#8221;padding-top-54 padding-bottom-61 align-center&#8221; css=&#8221;.vc_custom_1440583950492{background-color: #f5f5f5 !important;}&#8221;][vc_column]<a class=\"more\" href=\"\/kontakty\/\" title=\"CONTACTE\"><span>CONTACTE<\/span><\/a>[\/vc_column][\/vc_row]<\/p>\n","protected":false},"excerpt":{"rendered":"<p>[vc_row el_class=&#8221;margin-top-70&#8243;][vc_column width=&#8221;1\/2&#8243;][vc_column_text el_class=&#8221;description margin-top-0&#8243;]Grupul de companii \u201eFORSAJ\u201d este o echip\u0103 de profesioni\u0219ti \u0219i oameni cu aceea\u0219i idei, care combin\u0103 \u00eentreaga gam\u0103 de servicii legate de ma\u0219ini. \u0218coala de \u0219oferi Forsaj este renumit\u0103 pentru elevii, profesorii \u0219i instructorii s\u0103i. Service auto Forsaj ofer\u0103 proprietarilor de automobile o gam\u0103 complet\u0103 de servicii pentru \u00eentre\u021binerea \u0219i repararea<\/p>\n","protected":false},"author":1,"featured_media":0,"parent":0,"menu_order":0,"comment_status":"closed","ping_status":"closed","template":"","meta":{"footnotes":""},"class_list":["post-1933","page","type-page","status-publish","hentry"],"aioseo_notices":[],"_links":{"self":[{"href":"https:\/\/forsaj-auto.md\/ro\/wp-json\/wp\/v2\/pages\/1933","targetHints":{"allow":["GET"]}}],"collection":[{"href":"https:\/\/forsaj-auto.md\/ro\/wp-json\/wp\/v2\/pages"}],"about":[{"href":"https:\/\/forsaj-auto.md\/ro\/wp-json\/wp\/v2\/types\/page"}],"author":[{"embeddable":true,"href":"https:\/\/forsaj-auto.md\/ro\/wp-json\/wp\/v2\/users\/1"}],"replies":[{"embeddable":true,"href":"https:\/\/forsaj-auto.md\/ro\/wp-json\/wp\/v2\/comments?post=1933"}],"version-history":[{"count":2,"href":"https:\/\/forsaj-auto.md\/ro\/wp-json\/wp\/v2\/pages\/1933\/revisions"}],"predecessor-version":[{"id":1935,"href":"https:\/\/forsaj-auto.md\/ro\/wp-json\/wp\/v2\/pages\/1933\/revisions\/1935"}],"wp:attachment":[{"href":"https:\/\/forsaj-auto.md\/ro\/wp-json\/wp\/v2\/media?parent=1933"}],"curies":[{"name":"wp","href":"https:\/\/api.w.org\/{rel}","templated":true}]}}