{"id":2122,"date":"2021-04-11T21:36:21","date_gmt":"2021-04-11T18:36:21","guid":{"rendered":"https:\/\/forsaj-auto.md\/?page_id=2122"},"modified":"2021-04-11T21:41:05","modified_gmt":"2021-04-11T18:41:05","slug":"sugestii-urari-reclamatii","status":"publish","type":"page","link":"https:\/\/forsaj-auto.md\/ro\/sugestii-urari-reclamatii\/","title":{"rendered":"Sugestii \/ ur\u0103ri \/ reclama\u021bii"},"content":{"rendered":"<p>[vc_row css=&#8221;.vc_custom_1618164241456{padding-top: 50px !important;padding-bottom: 50px !important;}&#8221;][vc_column width=&#8221;2\/3&#8243;]<form class=\"contact-form page-margin-top\" id=\"zhaloba-ro\" method=\"post\" action=\"#\">\n\t\t<div class=\"vc_row wpb_row vc_inner\">\n\t\t\t<fieldset class=\"vc_col-sm-6 wpb_column vc_column_container\">\n\t\t\t\t<div class=\"block\">\n\t\t\t\t\t<input class=\"text_input\" name=\"name\" type=\"text\" value=\"Nume (op\u021bional) \" placeholder=\"Nume (op\u021bional) \" data-default=\"Nume (op\u021bional) \">\n\t\t\t\t<\/div>\n\t\t\t\t<div class=\"block\">\n\t\t\t\t\t<input class=\"text_input\" name=\"email\" type=\"text\" value=\"Adresa dvs. de e-mail (op\u021bional) \" placeholder=\"Adresa dvs. de e-mail (op\u021bional) \" data-default=\"Adresa dvs. de e-mail (op\u021bional) \">\n\t\t\t\t<\/div>\n\t\t\t\t<div class=\"block\">\n\t\t\t\t\t<input class=\"text_input\" name=\"phone\" type=\"text\" value=\"Telefon (optional)\" placeholder=\"Telefon (optional)\" data-default=\"Telefon (optional)\">\n\t\t\t\t<\/div>\n\t\t\t<\/fieldset>\n\t\t\t<fieldset class=\"vc_col-sm-6 wpb_column vc_column_container\">\n\t\t\t\t<div class=\"block\">\n\t\t\t\t\t<textarea class=\"margin_top_10\" name=\"message\" placeholder=\"Mesaj *\" data-default=\"Mesaj *\" data-required=\"1\">Mesaj *<\/textarea>\n\t\t\t\t<\/div>\n\t\t\t<\/fieldset>\n\t\t<\/div>\n\t\t<div class=\"vc_row wpb_row vc_inner submit-container margin-top-30 row-with-recaptcha\"><div class=\"vc_col-sm-6 wpb_column vc_column_container\">\n\t\t\t\t\t<p>Mul\u021bumit\u0103 \u021bie, ne \u00eembun\u0103t\u0103\u021bim! <\/p>\n\t\t\t\t<\/div>\n\t\t\t\t<div class=\"vc_col-sm-6 wpb_column vc_column_container column-with-recaptcha\"><input type=\"hidden\" name=\"action\" value=\"theme_contact_form\">\n\t\t\t\t<input type=\"hidden\" name=\"id\" value=\"zhaloba-ro\"><div class=\"terms-container block\">\n\t\t\t\t\t<input type=\"checkbox\" name=\"terms\" id=\"zhaloba-roterms\" value=\"1\"><label for=\"zhaloba-roterms\">Sunt de acord cu prelucrarea datelor cu caracter personal \u0219i <a href='https:\/\/forsaj-auto.md\/policy'> Politica de confiden\u021bialitate<\/a>.<\/label>\n\t\t\t\t<\/div><div class=\"recaptcha-container\"><div class=\"vc_row wpb_row vc_inner margin-top-20 padding-bottom-20 button-with-recaptcha\">\n\t\t\t\t\t<a class=\"more submit-contact-form\" href=\"#\" title=\"TRIMITE\"><span>TRIMITE<\/span><\/a>\n\t\t\t\t<\/div><div class=\"g-recaptcha-wrapper block\"><div class=\"g-recaptcha\" data-sitekey=\"6LfqyLcZAAAAAE5SbN4OG_wT8qt2F1UHTinfcQHz\"><\/div><\/div><\/div><\/div><\/div>\n\t<\/form>[\/vc_column][vc_column width=&#8221;1\/3&#8243;][vc_single_image image=&#8221;2107&#8243; img_size=&#8221;full&#8221; alignment=&#8221;center&#8221;][vc_message style=&#8221;square&#8221; message_box_color=&#8221;danger&#8221;]<\/p>\n<h3 style=\"text-align: center;\"><strong>P\u0103rerea ta este important\u0103 pentru noi!<\/strong><\/h3>\n<p style=\"text-align: center;\"><span class=\"VIiyi\" lang=\"ro\"><span class=\"JLqJ4b ChMk0b\" data-language-for-alternatives=\"ro\" data-language-to-translate-into=\"ru\" data-phrase-index=\"0\">Scrie\u021bi-v\u0103 p\u0103rerea despre <span style=\"color: #ff0000;\"><strong><em>calitatea serviciilor<\/em><\/strong><\/span> noastre absolut anonim!<\/span><\/span><\/p>\n<p>[\/vc_message][\/vc_column][\/vc_row]<\/p>\n","protected":false},"excerpt":{"rendered":"<p>[vc_row css=&#8221;.vc_custom_1618164241456{padding-top: 50px !important;padding-bottom: 50px !important;}&#8221;][vc_column width=&#8221;2\/3&#8243;][\/vc_column][vc_column width=&#8221;1\/3&#8243;][vc_single_image image=&#8221;2107&#8243; img_size=&#8221;full&#8221; alignment=&#8221;center&#8221;][vc_message style=&#8221;square&#8221; message_box_color=&#8221;danger&#8221;] P\u0103rerea ta este important\u0103 pentru noi! Scrie\u021bi-v\u0103 p\u0103rerea despre calitatea serviciilor noastre absolut anonim! [\/vc_message][\/vc_column][\/vc_row]<\/p>\n","protected":false},"author":1,"featured_media":2108,"parent":0,"menu_order":0,"comment_status":"closed","ping_status":"closed","template":"","meta":{"footnotes":""},"class_list":["post-2122","page","type-page","status-publish","has-post-thumbnail","hentry"],"aioseo_notices":[],"_links":{"self":[{"href":"https:\/\/forsaj-auto.md\/ro\/wp-json\/wp\/v2\/pages\/2122","targetHints":{"allow":["GET"]}}],"collection":[{"href":"https:\/\/forsaj-auto.md\/ro\/wp-json\/wp\/v2\/pages"}],"about":[{"href":"https:\/\/forsaj-auto.md\/ro\/wp-json\/wp\/v2\/types\/page"}],"author":[{"embeddable":true,"href":"https:\/\/forsaj-auto.md\/ro\/wp-json\/wp\/v2\/users\/1"}],"replies":[{"embeddable":true,"href":"https:\/\/forsaj-auto.md\/ro\/wp-json\/wp\/v2\/comments?post=2122"}],"version-history":[{"count":5,"href":"https:\/\/forsaj-auto.md\/ro\/wp-json\/wp\/v2\/pages\/2122\/revisions"}],"predecessor-version":[{"id":2127,"href":"https:\/\/forsaj-auto.md\/ro\/wp-json\/wp\/v2\/pages\/2122\/revisions\/2127"}],"wp:featuredmedia":[{"embeddable":true,"href":"https:\/\/forsaj-auto.md\/ro\/wp-json\/wp\/v2\/media\/2108"}],"wp:attachment":[{"href":"https:\/\/forsaj-auto.md\/ro\/wp-json\/wp\/v2\/media?parent=2122"}],"curies":[{"name":"wp","href":"https:\/\/api.w.org\/{rel}","templated":true}]}}