{"id":2264,"date":"2023-02-07T15:15:08","date_gmt":"2023-02-07T12:15:08","guid":{"rendered":"https:\/\/forsaj-auto.md\/?page_id=2264"},"modified":"2023-02-07T15:15:08","modified_gmt":"2023-02-07T12:15:08","slug":"scoala-auto-balti","status":"publish","type":"page","link":"https:\/\/forsaj-auto.md\/ro\/scoala-auto-balti\/","title":{"rendered":"Scoala Auto Balti"},"content":{"rendered":"<div class=\"wpb-content-wrapper\"><p>[vc_row top_margin=&#8221;page-margin-top-section&#8221;][vc_column][vc_column_text]<\/p>\n<h1 style=\"text-align: center;\">Scoala Auto Balti \u21161<\/h1>\n<hr \/>\n<p>[\/vc_column_text]<div class=\"vc_row wpb_row vc_row-fluid layout-row page-margin-top-section\"><ul class=\"blog three-columns clearfix\"><li class=\"vc_col-sm-4 wpb_column vc_column_container post post-2334 type-post status-publish format-standard has-post-thumbnail hentry category-scoala-auto tag-falesti tag-forsaj tag-scoala-auto-falesti\"><a class=\"post-image\" href=\"https:\/\/forsaj-auto.md\/ro\/noua-filiala-a-scolii-auto-forsaj-acum-si-in-falesti\/\" title=\"Noua filial\u0103 a \u0219colii auto Forsaj \u2013 acum \u0219i \u00een F\u0103le\u0219ti!\"><img loading=\"lazy\" decoding=\"async\" width=\"300\" height=\"300\" src=\"https:\/\/forsaj-auto.md\/wp-content\/uploads\/2025\/04\/forsaj-falesti-300x300.png\" class=\"attachment-medium size-medium wp-post-image\" alt=\"Noua filial\u0103 a \u0219colii auto Forsaj \u2013 acum \u0219i \u00een F\u0103le\u0219ti!\" title=\"\" srcset=\"https:\/\/forsaj-auto.md\/wp-content\/uploads\/2025\/04\/forsaj-falesti-300x300.png 300w, https:\/\/forsaj-auto.md\/wp-content\/uploads\/2025\/04\/forsaj-falesti-1024x1024.png 1024w, https:\/\/forsaj-auto.md\/wp-content\/uploads\/2025\/04\/forsaj-falesti-150x150.png 150w, https:\/\/forsaj-auto.md\/wp-content\/uploads\/2025\/04\/forsaj-falesti-768x768.png 768w, https:\/\/forsaj-auto.md\/wp-content\/uploads\/2025\/04\/forsaj-falesti-90x90.png 90w, https:\/\/forsaj-auto.md\/wp-content\/uploads\/2025\/04\/forsaj-falesti.png 1500w\" sizes=\"auto, (max-width: 300px) 100vw, 300px\" \/><\/a><div class=\"post-content-details-container clearfix\"><ul class=\"post-content-details margin-right-20\"><li>aprilie 13, 2025<\/li><\/ul><ul class=\"post-content-details right\"><li class=\"template-eye\">566<\/li><\/ul><\/div><h4 class=\"box-header align-left\"><a href=\"https:\/\/forsaj-auto.md\/ro\/noua-filiala-a-scolii-auto-forsaj-acum-si-in-falesti\/\" title=\"Noua filial\u0103 a \u0219colii auto Forsaj \u2013 acum \u0219i \u00een F\u0103le\u0219ti!\">Noua filial\u0103 a \u0219colii auto Forsaj \u2013 acum \u0219i \u00een F\u0103le\u0219ti!<\/a><\/h4><p>\u0218coala auto Forsaj, recunoscut\u0103 pentru calitatea preg\u0103tirii viitorilor \u0219oferi, deschide o nou\u0103 filial\u0103 \u00een F\u0103le\u0219ti.<\/p>\n<\/li><li class=\"vc_col-sm-4 wpb_column vc_column_container post post-2255 type-post status-publish format-standard has-post-thumbnail hentry\"><a class=\"post-image\" href=\"https:\/\/forsaj-auto.md\/ro\/scoala-auto-balti-pentru-doamnele-si-domnisoarele-un-pas-spre-un-vis\/\" title=\"Scoala auto Balti pentru doamnele si domnisoarele: un pas spre un vis\"><img loading=\"lazy\" decoding=\"async\" width=\"300\" height=\"189\" src=\"https:\/\/forsaj-auto.md\/wp-content\/uploads\/2023\/02\/how-to-get-over-the-fear-of-driving-in-8-key-steps-300x189.jpg\" class=\"attachment-medium size-medium wp-post-image\" alt=\"Scoala auto Balti pentru doamnele si domnisoarele: un pas spre un vis\" title=\"\" srcset=\"https:\/\/forsaj-auto.md\/wp-content\/uploads\/2023\/02\/how-to-get-over-the-fear-of-driving-in-8-key-steps-300x189.jpg 300w, https:\/\/forsaj-auto.md\/wp-content\/uploads\/2023\/02\/how-to-get-over-the-fear-of-driving-in-8-key-steps-1024x646.jpg 1024w, https:\/\/forsaj-auto.md\/wp-content\/uploads\/2023\/02\/how-to-get-over-the-fear-of-driving-in-8-key-steps-768x484.jpg 768w, https:\/\/forsaj-auto.md\/wp-content\/uploads\/2023\/02\/how-to-get-over-the-fear-of-driving-in-8-key-steps.jpg 1280w\" sizes=\"auto, (max-width: 300px) 100vw, 300px\" \/><\/a><div class=\"post-content-details-container clearfix\"><ul class=\"post-content-details margin-right-20\"><li>februarie 7, 2023<\/li><\/ul><ul class=\"post-content-details right\"><li class=\"template-eye\">321<\/li><\/ul><\/div><h4 class=\"box-header align-left\"><a href=\"https:\/\/forsaj-auto.md\/ro\/scoala-auto-balti-pentru-doamnele-si-domnisoarele-un-pas-spre-un-vis\/\" title=\"Scoala auto Balti pentru doamnele si domnisoarele: un pas spre un vis\">Scoala auto Balti pentru doamnele si domnisoarele: un pas spre un vis<\/a><\/h4><p>Scoala auto \u201eForsaj\u201d Balti face totul pentru ca cursantele ei se conduca mijloacele de transport sigur si increzut.<\/p>\n<\/li><li class=\"vc_col-sm-4 wpb_column vc_column_container post post-2249 type-post status-publish format-standard has-post-thumbnail hentry\"><a class=\"post-image\" href=\"https:\/\/forsaj-auto.md\/ro\/recomandarile-de-la-scoala-auto-balti-cum-sa-depasesti-teama-de-a-conduce-o-masina\/\" title=\"Recomandarile de la Scoala auto Balti \u2013 cum sa depasesti teama de a conduce o masina\"><img loading=\"lazy\" decoding=\"async\" width=\"300\" height=\"200\" src=\"https:\/\/forsaj-auto.md\/wp-content\/uploads\/2023\/02\/fear-of-driving-300x200.jpg\" class=\"attachment-medium size-medium wp-post-image\" alt=\"Recomandarile de la Scoala auto Balti \u2013 cum sa depasesti teama de a conduce o masina\" title=\"\" srcset=\"https:\/\/forsaj-auto.md\/wp-content\/uploads\/2023\/02\/fear-of-driving-300x200.jpg 300w, https:\/\/forsaj-auto.md\/wp-content\/uploads\/2023\/02\/fear-of-driving-768x512.jpg 768w, https:\/\/forsaj-auto.md\/wp-content\/uploads\/2023\/02\/fear-of-driving-870x580.jpg 870w, https:\/\/forsaj-auto.md\/wp-content\/uploads\/2023\/02\/fear-of-driving-570x380.jpg 570w, https:\/\/forsaj-auto.md\/wp-content\/uploads\/2023\/02\/fear-of-driving-480x320.jpg 480w, https:\/\/forsaj-auto.md\/wp-content\/uploads\/2023\/02\/fear-of-driving-390x260.jpg 390w, https:\/\/forsaj-auto.md\/wp-content\/uploads\/2023\/02\/fear-of-driving-270x180.jpg 270w, https:\/\/forsaj-auto.md\/wp-content\/uploads\/2023\/02\/fear-of-driving.jpg 1000w\" sizes=\"auto, (max-width: 300px) 100vw, 300px\" \/><\/a><div class=\"post-content-details-container clearfix\"><ul class=\"post-content-details margin-right-20\"><li>februarie 7, 2023<\/li><\/ul><ul class=\"post-content-details right\"><li class=\"template-eye\">320<\/li><\/ul><\/div><h4 class=\"box-header align-left\"><a href=\"https:\/\/forsaj-auto.md\/ro\/recomandarile-de-la-scoala-auto-balti-cum-sa-depasesti-teama-de-a-conduce-o-masina\/\" title=\"Recomandarile de la Scoala auto Balti \u2013 cum sa depasesti teama de a conduce o masina\">Recomandarile de la Scoala auto Balti \u2013 cum sa depasesti teama de a conduce o masina<\/a><\/h4><p>Frica de a conduce este o fobie destul de raspandita, care afecteaza persoanele, ce se urca pentru prima data la volan, fie ca este vorba de un tanar sau un adult, un barbat sau o femeie.<\/p>\n<\/li><\/ul><ul class=\"blog three-columns clearfix\"><li class=\"vc_col-sm-4 wpb_column vc_column_container post post-2243 type-post status-publish format-standard has-post-thumbnail hentry\"><a class=\"post-image\" href=\"https:\/\/forsaj-auto.md\/ro\/de-la-ce-varsta-scoala-auto-din-balti-accepta-cadeti-la-antrenament\/\" title=\"De la ce varsta scoala auto din Balti accepta cadeti la antrenament\"><img loading=\"lazy\" decoding=\"async\" width=\"300\" height=\"174\" src=\"https:\/\/forsaj-auto.md\/wp-content\/uploads\/2023\/02\/driving_school1-1-2-300x174.jpg\" class=\"attachment-medium size-medium wp-post-image\" alt=\"De la ce varsta scoala auto din Balti accepta cadeti la antrenament\" title=\"\" srcset=\"https:\/\/forsaj-auto.md\/wp-content\/uploads\/2023\/02\/driving_school1-1-2-300x174.jpg 300w, https:\/\/forsaj-auto.md\/wp-content\/uploads\/2023\/02\/driving_school1-1-2-1024x594.jpg 1024w, https:\/\/forsaj-auto.md\/wp-content\/uploads\/2023\/02\/driving_school1-1-2-768x446.jpg 768w, https:\/\/forsaj-auto.md\/wp-content\/uploads\/2023\/02\/driving_school1-1-2-1536x892.jpg 1536w, https:\/\/forsaj-auto.md\/wp-content\/uploads\/2023\/02\/driving_school1-1-2.jpg 1571w\" sizes=\"auto, (max-width: 300px) 100vw, 300px\" \/><\/a><div class=\"post-content-details-container clearfix\"><ul class=\"post-content-details margin-right-20\"><li>februarie 7, 2023<\/li><\/ul><ul class=\"post-content-details right\"><li class=\"template-eye\">747<\/li><\/ul><\/div><h4 class=\"box-header align-left\"><a href=\"https:\/\/forsaj-auto.md\/ro\/de-la-ce-varsta-scoala-auto-din-balti-accepta-cadeti-la-antrenament\/\" title=\"De la ce varsta scoala auto din Balti accepta cadeti la antrenament\">De la ce varsta scoala auto din Balti accepta cadeti la antrenament<\/a><\/h4><p>Studiile pentru permisul de categoria B pot fi incepute la o scoala online auto \u00a0incepand cu varsta de 17 ani, insa examenul va putea fi promovat doar dupa ce elevul implineste 18 ani.<\/p>\n<\/li><li class=\"vc_col-sm-4 wpb_column vc_column_container post post-2237 type-post status-publish format-standard has-post-thumbnail hentry\"><a class=\"post-image\" href=\"https:\/\/forsaj-auto.md\/ro\/cand-este-cel-mai-bun-moment-pentru-a-te-inscrie-la-o-scoala-auto-iarna-sau-vara\/\" title=\"Cand este cel mai bun moment pentru a te inscrie la o scoala auto &#8211; iarna sau vara\"><img loading=\"lazy\" decoding=\"async\" width=\"300\" height=\"200\" src=\"https:\/\/forsaj-auto.md\/wp-content\/uploads\/2023\/02\/auto-school-300x200.webp\" class=\"attachment-medium size-medium wp-post-image\" alt=\"Cand este cel mai bun moment pentru a te inscrie la o scoala auto &#8211; iarna sau vara\" title=\"\" srcset=\"https:\/\/forsaj-auto.md\/wp-content\/uploads\/2023\/02\/auto-school-300x200.webp 300w, https:\/\/forsaj-auto.md\/wp-content\/uploads\/2023\/02\/auto-school-1024x683.webp 1024w, https:\/\/forsaj-auto.md\/wp-content\/uploads\/2023\/02\/auto-school-768x512.webp 768w, https:\/\/forsaj-auto.md\/wp-content\/uploads\/2023\/02\/auto-school-870x580.webp 870w, https:\/\/forsaj-auto.md\/wp-content\/uploads\/2023\/02\/auto-school-570x380.webp 570w, https:\/\/forsaj-auto.md\/wp-content\/uploads\/2023\/02\/auto-school-480x320.webp 480w, https:\/\/forsaj-auto.md\/wp-content\/uploads\/2023\/02\/auto-school-390x260.webp 390w, https:\/\/forsaj-auto.md\/wp-content\/uploads\/2023\/02\/auto-school-270x180.webp 270w, https:\/\/forsaj-auto.md\/wp-content\/uploads\/2023\/02\/auto-school.webp 1500w\" sizes=\"auto, (max-width: 300px) 100vw, 300px\" \/><\/a><div class=\"post-content-details-container clearfix\"><ul class=\"post-content-details margin-right-20\"><li>februarie 7, 2023<\/li><\/ul><ul class=\"post-content-details right\"><li class=\"template-eye\">391<\/li><\/ul><\/div><h4 class=\"box-header align-left\"><a href=\"https:\/\/forsaj-auto.md\/ro\/cand-este-cel-mai-bun-moment-pentru-a-te-inscrie-la-o-scoala-auto-iarna-sau-vara\/\" title=\"Cand este cel mai bun moment pentru a te inscrie la o scoala auto &#8211; iarna sau vara\">Cand este cel mai bun moment pentru a te inscrie la o scoala auto &#8211; iarna sau vara<\/a><\/h4><p>Instructorii cu experienta ai scolii de soferi \u201eForsaj\u201d sunt pregatiti sa-si ajute elevii in realizarea tuturor exercitiilor necesare promovarii examenului atat vara, cat si iarna.<\/p>\n<\/li><li class=\"vc_col-sm-4 wpb_column vc_column_container post post-2231 type-post status-publish format-standard has-post-thumbnail hentry\"><a class=\"post-image\" href=\"https:\/\/forsaj-auto.md\/ro\/scoala-auto-balti-abilitati-necesare-pentru-a-conduce-automobilul-sigur-si-fara-accidente\/\" title=\"Scoala Auto Balti: abilitati necesare pentru a conduce automobilul sigur si fara accidente\"><img loading=\"lazy\" decoding=\"async\" width=\"300\" height=\"179\" src=\"https:\/\/forsaj-auto.md\/wp-content\/uploads\/2023\/02\/driving-instructor-girl-300x179.jpg\" class=\"attachment-medium size-medium wp-post-image\" alt=\"Scoala Auto Balti: abilitati necesare pentru a conduce automobilul sigur si fara accidente\" title=\"\" srcset=\"https:\/\/forsaj-auto.md\/wp-content\/uploads\/2023\/02\/driving-instructor-girl-300x179.jpg 300w, https:\/\/forsaj-auto.md\/wp-content\/uploads\/2023\/02\/driving-instructor-girl-1024x610.jpg 1024w, https:\/\/forsaj-auto.md\/wp-content\/uploads\/2023\/02\/driving-instructor-girl-768x458.jpg 768w, https:\/\/forsaj-auto.md\/wp-content\/uploads\/2023\/02\/driving-instructor-girl.jpg 1200w\" sizes=\"auto, (max-width: 300px) 100vw, 300px\" \/><\/a><div class=\"post-content-details-container clearfix\"><ul class=\"post-content-details margin-right-20\"><li>februarie 7, 2023<\/li><\/ul><ul class=\"post-content-details right\"><li class=\"template-eye\">295<\/li><\/ul><\/div><h4 class=\"box-header align-left\"><a href=\"https:\/\/forsaj-auto.md\/ro\/scoala-auto-balti-abilitati-necesare-pentru-a-conduce-automobilul-sigur-si-fara-accidente\/\" title=\"Scoala Auto Balti: abilitati necesare pentru a conduce automobilul sigur si fara accidente\">Scoala Auto Balti: abilitati necesare pentru a conduce automobilul sigur si fara accidente<\/a><\/h4><p>Scoala de soferi \u201eForsaj\u201d din Balti detine licenta educationala si asigura pregatirea soferilor conform unui program aprobat.<\/p>\n<\/li><\/ul><\/div>[vc_column_text css=&#8221;.vc_custom_1675772076479{padding-top: 50px !important;}&#8221;]<\/p>\n<h2>Cum sa alegi o scoala de soferi<\/h2>\n<p>Alegerea unei scoli de soferi trebuie abordata cu responsabilitate, deoarece increderea viitorului sofer pe sosea, capacitatea lui de a analiza si prezice situatiile din trafic depind in mare masura de modul in care se desfasoara antrenamentul.<\/p>\n<p>Pentru ca instruirea sa fie eficienta si se nu mai apare mai tarziu nevoia de dobandirea cunostintelor si abilitatilor necesare in alte scoli, va sfatuim sa fiti atenti la urmatoarele cerinte fata de o scoala auto:<\/p>\n<ul>\n<li>licenta corespunzatoare;<\/li>\n<li>experienta profesorilor\/instructorilor;<\/li>\n<li>feedback-ul real din partea studentilor pe Google si retelele sociale;<\/li>\n<li>recomandari de la prieteni si cunoscuti.<\/li>\n<\/ul>\n<p>Scoala de soferi \u201eForsaj\u201d din Balti detine licenta educationala si asigura pregatirea soferilor conform unui program aprobat.<\/p>\n<p>Dupa absolvire, cursantii sunt capabili sa arate un adevarat <strong>class Balti<\/strong> la conducere si au voie sa sustina un examen la SCCA.[\/vc_column_text][\/vc_column][\/vc_row]<\/p>\n<\/div>","protected":false},"excerpt":{"rendered":"<p>[vc_row top_margin=&#8221;page-margin-top-section&#8221;][vc_column][vc_column_text] Scoala Auto Balti \u21161 [\/vc_column_text][vc_column_text css=&#8221;.vc_custom_1675772076479{padding-top: 50px !important;}&#8221;] Cum sa alegi o scoala de soferi Alegerea unei scoli de soferi trebuie abordata cu responsabilitate, deoarece increderea viitorului sofer pe sosea, capacitatea lui de a analiza si prezice situatiile din trafic depind in mare masura de modul in care se desfasoara antrenamentul. Pentru ca<\/p>\n","protected":false},"author":1,"featured_media":0,"parent":0,"menu_order":0,"comment_status":"closed","ping_status":"closed","template":"","meta":{"footnotes":""},"class_list":["post-2264","page","type-page","status-publish","hentry"],"aioseo_notices":[],"_links":{"self":[{"href":"https:\/\/forsaj-auto.md\/ro\/wp-json\/wp\/v2\/pages\/2264","targetHints":{"allow":["GET"]}}],"collection":[{"href":"https:\/\/forsaj-auto.md\/ro\/wp-json\/wp\/v2\/pages"}],"about":[{"href":"https:\/\/forsaj-auto.md\/ro\/wp-json\/wp\/v2\/types\/page"}],"author":[{"embeddable":true,"href":"https:\/\/forsaj-auto.md\/ro\/wp-json\/wp\/v2\/users\/1"}],"replies":[{"embeddable":true,"href":"https:\/\/forsaj-auto.md\/ro\/wp-json\/wp\/v2\/comments?post=2264"}],"version-history":[{"count":2,"href":"https:\/\/forsaj-auto.md\/ro\/wp-json\/wp\/v2\/pages\/2264\/revisions"}],"predecessor-version":[{"id":2266,"href":"https:\/\/forsaj-auto.md\/ro\/wp-json\/wp\/v2\/pages\/2264\/revisions\/2266"}],"wp:attachment":[{"href":"https:\/\/forsaj-auto.md\/ro\/wp-json\/wp\/v2\/media?parent=2264"}],"curies":[{"name":"wp","href":"https:\/\/api.w.org\/{rel}","templated":true}]}}