{"id":2443,"date":"2026-01-18T22:43:59","date_gmt":"2026-01-18T19:43:59","guid":{"rendered":"https:\/\/forsaj-auto.md\/?page_id=2443"},"modified":"2026-01-18T22:44:30","modified_gmt":"2026-01-18T19:44:30","slug":"tarife","status":"publish","type":"page","link":"https:\/\/forsaj-auto.md\/ro\/autoschool\/tarife\/","title":{"rendered":"Tarife"},"content":{"rendered":"<p>[vc_row top_margin=&#8221;page-margin-top-section&#8221; gap=&#8221;20&#8243;][vc_column width=&#8221;1\/4&#8243;][vc_single_image image=&#8221;2360&#8243; img_size=&#8221;medium&#8221;][\/vc_column][vc_column width=&#8221;3\/4&#8243;][vc_column_text]<\/p>\n<h2 style=\"text-align: center;\">Tarife<\/h2>\n<h3 style=\"text-align: center;\">Tarifele pentru instruirea conduc\u0103torilor auto categoria \u201cB\u201d<\/h3>\n<hr \/>\n<h4>Important ! La noi nu exist\u0103 taxe &#8222;ascunse&#8221; &#8211; costul combustibilului, salariul angaja\u0163ilor, deservirea tehnic\u0103 \u015fi asigurarea automobilelor sunt deja incluse in pre\u0163, totul fiind transparent \u015fi \u00een strict\u0103 conformitate cu prevederile contractului de studii.<\/h4>\n<p>[\/vc_column_text][\/vc_column][\/vc_row][vc_row top_margin=&#8221;page-margin-top-section&#8221; gap=&#8221;10&#8243; equal_height=&#8221;yes&#8221; content_placement=&#8221;top&#8221;][vc_column width=&#8221;1\/2&#8243;][vc_column_text]<\/p>\n<h2 style=\"text-align: center;\">Instruirea<br \/>\nTeoretic\u0103<\/h2>\n<p>&nbsp;<\/p>\n<h3 style=\"text-align: center;\"><span style=\"color: #ff0000;\">2500 lei (curs integral)<\/span><\/h3>\n<p>[\/vc_column_text][vc_column_text css=&#8221;.vc_custom_1768764940994{padding-top: 70px !important;padding-right: 50px !important;padding-left: 50px !important;}&#8221;]<\/p>\n<ul>\n<li>Durata 3 luni<\/li>\n<li>Instruirea \u00een limba rus\u0103\/rom\u00e2n\u0103<\/li>\n<li>Instruire de conducere automobilului<\/li>\n<li>Regulile circula\u021biei rutiere<\/li>\n<li>Dispozitivul \u0219i func\u021bionarea ma\u0219inilor<\/li>\n<li>Conducerea unui vehicul \u0219i siguran\u021ba rutier\u0103<\/li>\n<li>Acordarea primului ajutor<\/li>\n<\/ul>\n<p>[\/vc_column_text][\/vc_column][vc_column width=&#8221;1\/2&#8243;][vc_column_text]<\/p>\n<h2 style=\"text-align: center;\">Instruirea Practic\u0103 Auto<\/h2>\n<p>&nbsp;<\/p>\n<h3 style=\"text-align: center;\"><span style=\"color: #ff0000;\">250 lei (lec\u021bia de 90 min )<\/span><\/h3>\n<p>[\/vc_column_text][vc_column_text css=&#8221;.vc_custom_1768764958690{padding-top: 70px !important;padding-right: 50px !important;padding-left: 50px !important;}&#8221;]<\/p>\n<ul>\n<li>Num\u0103rul ore necesare \u2013 24 de ore.<\/li>\n<li>Automobil cu transmisie manual\u0103<\/li>\n<li>Automobil cu transmisie automat\u0103<\/li>\n<\/ul>\n<p>Instruirea practic\u0103 va incepe dup\u0103 aproximativ 4 &#8211; 6 s\u0103pt\u0103m\u00e2ni de la \u00eenceputul cursului \u015fi va fi organizat\u0103 conform unui grafic individual.[\/vc_column_text][\/vc_column][\/vc_row][vc_row top_margin=&#8221;page-margin-top-section&#8221; gap=&#8221;10&#8243; equal_height=&#8221;yes&#8221; content_placement=&#8221;top&#8221; css=&#8221;.vc_custom_1768571265515{padding-top: 20px !important;padding-bottom: 20px !important;}&#8221;][vc_column][vc_row_inner][vc_column_inner css=&#8221;.vc_custom_1768740213507{padding-left: 50px !important;}&#8221;][vc_column_text]Achitarea pentru instruire poate fi efectuat\u0103 integral sau \u00een 3 rate.\u00a0 Cursul de instruire practic\u0103 include 24 de lec\u021bii obligatorii.<\/p>\n<p>\u00censcrierea la cursuri se poate efectua de luni p\u00eena vineri \u00eentre orele 9.00 \u015fi 17.00 la sediul \u015fcolii For\u0219aj, str. Decebal 42\/1. Pentru \u00eenscriere ve\u0163i semna o cerere \u015fi ve\u0163i prezenta buletinul de identitate.<\/p>\n<h3>\u021ai-au expirat actele de \u0219colarizare ?<\/h3>\n<p>Tot ce trebuie s\u0103 faci este s\u0103 repe\u021bi cursul practic<br \/>\n(24 lec\u021bii cu durata de 90 minute)<\/p>\n<p>&nbsp;<\/p>\n<h3>Acte necesare pentru \u00eenscriere:<\/h3>\n<ul>\n<li>Buletinul de identitate valabil<\/li>\n<li>Actele de \u0219colarizare expirate<\/li>\n<li>Comisia medical\u0103 valabil\u0103<\/li>\n<li>Taxa pentru \u00eenscriere<\/li>\n<\/ul>\n<p>&nbsp;<\/p>\n<h3>Curs practic suplimentar :<\/h3>\n<p>Perioada de desf\u0103\u0219urare: minim 3 s\u0103pt\u0103m\u00e2ni \u2013 maxim o lun\u0103.[\/vc_column_text][\/vc_column_inner][\/vc_row_inner][\/vc_column][\/vc_row][vc_row top_margin=&#8221;page-margin-top-section&#8221; gap=&#8221;10&#8243; equal_height=&#8221;yes&#8221; content_placement=&#8221;top&#8221; css=&#8221;.vc_custom_1768571265515{padding-top: 20px !important;padding-bottom: 20px !important;}&#8221;][vc_column][vc_column_text]<\/p>\n<h2 style=\"text-align: center;\">\u00a0DE CE \u0218COALA AUTO FOR\u0218AJ ?<\/h2>\n<p>[\/vc_column_text][\/vc_column][\/vc_row][vc_row top_margin=&#8221;page-margin-top-section&#8221; gap=&#8221;10&#8243; equal_height=&#8221;yes&#8221; content_placement=&#8221;top&#8221;][vc_column width=&#8221;1\/4&#8243;][vc_single_image image=&#8221;2397&#8243; img_size=&#8221;medium&#8221;][vc_column_text]Suntem printre primii \u00een B\u0103l\u021bi dup\u0103 rata de promovare a examenelor teoretice \u0219i practice din prima \u00eencercare![\/vc_column_text][\/vc_column][vc_column width=&#8221;1\/4&#8243;][vc_single_image image=&#8221;2395&#8243; img_size=&#8221;medium&#8221;][vc_column_text]Instructori cu experien\u021b\u0103, care ofer\u0103 o instruire de calitate \u0219i personalizeaz\u0103 lec\u021biile \u00een func\u021bie de nevoile fiec\u0103rui cursant[\/vc_column_text][\/vc_column][vc_column width=&#8221;1\/4&#8243;][vc_single_image image=&#8221;2393&#8243; img_size=&#8221;medium&#8221;][vc_column_text]Vehicule moderne \u0219i bine \u00eentr\u021binute, care asigur\u0103 cursan\u021bilor condi\u021bii optime de \u00eenv\u0103\u021bare \u0219i o experien\u021b\u0103 realist\u0103 de condus.[\/vc_column_text][\/vc_column][vc_column width=&#8221;1\/4&#8243;][vc_single_image image=&#8221;2391&#8243; img_size=&#8221;medium&#8221;][vc_column_text]Suport complex, de la \u00eenscriere p\u00e2n\u0103 la finalizarea cursurilor \u0219i sus\u021binerea examenelor, asigur\u00e2nd o experien\u021b\u0103 f\u0103r\u0103 stres pentru cursan\u021bi.[\/vc_column_text][\/vc_column][\/vc_row]<\/p>\n","protected":false},"excerpt":{"rendered":"<p>[vc_row top_margin=&#8221;page-margin-top-section&#8221; gap=&#8221;20&#8243;][vc_column width=&#8221;1\/4&#8243;][vc_single_image image=&#8221;2360&#8243; img_size=&#8221;medium&#8221;][\/vc_column][vc_column width=&#8221;3\/4&#8243;][vc_column_text] Tarife Tarifele pentru instruirea conduc\u0103torilor auto categoria \u201cB\u201d Important ! La noi nu exist\u0103 taxe &#8222;ascunse&#8221; &#8211; costul combustibilului, salariul angaja\u0163ilor, deservirea tehnic\u0103 \u015fi asigurarea automobilelor sunt deja incluse in pre\u0163, totul fiind transparent \u015fi \u00een strict\u0103 conformitate cu prevederile contractului de studii. [\/vc_column_text][\/vc_column][\/vc_row][vc_row top_margin=&#8221;page-margin-top-section&#8221; gap=&#8221;10&#8243; equal_height=&#8221;yes&#8221; content_placement=&#8221;top&#8221;][vc_column<\/p>\n","protected":false},"author":1,"featured_media":0,"parent":2434,"menu_order":0,"comment_status":"closed","ping_status":"closed","template":"","meta":{"footnotes":""},"class_list":["post-2443","page","type-page","status-publish","hentry"],"aioseo_notices":[],"_links":{"self":[{"href":"https:\/\/forsaj-auto.md\/ro\/wp-json\/wp\/v2\/pages\/2443","targetHints":{"allow":["GET"]}}],"collection":[{"href":"https:\/\/forsaj-auto.md\/ro\/wp-json\/wp\/v2\/pages"}],"about":[{"href":"https:\/\/forsaj-auto.md\/ro\/wp-json\/wp\/v2\/types\/page"}],"author":[{"embeddable":true,"href":"https:\/\/forsaj-auto.md\/ro\/wp-json\/wp\/v2\/users\/1"}],"replies":[{"embeddable":true,"href":"https:\/\/forsaj-auto.md\/ro\/wp-json\/wp\/v2\/comments?post=2443"}],"version-history":[{"count":5,"href":"https:\/\/forsaj-auto.md\/ro\/wp-json\/wp\/v2\/pages\/2443\/revisions"}],"predecessor-version":[{"id":2642,"href":"https:\/\/forsaj-auto.md\/ro\/wp-json\/wp\/v2\/pages\/2443\/revisions\/2642"}],"up":[{"embeddable":true,"href":"https:\/\/forsaj-auto.md\/ro\/wp-json\/wp\/v2\/pages\/2434"}],"wp:attachment":[{"href":"https:\/\/forsaj-auto.md\/ro\/wp-json\/wp\/v2\/media?parent=2443"}],"curies":[{"name":"wp","href":"https:\/\/api.w.org\/{rel}","templated":true}]}}