{"id":2454,"date":"2026-01-18T23:05:27","date_gmt":"2026-01-18T20:05:27","guid":{"rendered":"https:\/\/forsaj-auto.md\/?page_id=2454"},"modified":"2026-01-18T23:05:27","modified_gmt":"2026-01-18T20:05:27","slug":"informatii-utile","status":"publish","type":"page","link":"https:\/\/forsaj-auto.md\/ro\/autoschool\/informatii-utile\/","title":{"rendered":"Informa\u021bii utile"},"content":{"rendered":"<p>[vc_row top_margin=&#8221;page-margin-top-section&#8221; gap=&#8221;20&#8243; css=&#8221;.vc_custom_1768741684210{margin-bottom: 0px !important;padding-bottom: 0px !important;}&#8221;][vc_column width=&#8221;1\/4&#8243;][vc_single_image image=&#8221;2360&#8243; img_size=&#8221;medium&#8221;][\/vc_column][vc_column width=&#8221;3\/4&#8243;][vc_column_text]<\/p>\n<h2 style=\"text-align: center;\">Informa\u021bii utile<\/h2>\n<p>&nbsp;<\/p>\n<h3 style=\"text-align: center;\">\u00cen aceast\u0103 pagin\u0103 V\u0103 vom prezenta un \u015fir de acte pe care V\u0103 \u00eencuraj\u0103m s\u0103 le studia\u0163i cu aten\u0163ie.<\/h3>\n<hr \/>\n<p>[\/vc_column_text][\/vc_column][\/vc_row][vc_row top_margin=&#8221;page-margin-top-section&#8221; gap=&#8221;10&#8243; full_height=&#8221;yes&#8221; equal_height=&#8221;yes&#8221; content_placement=&#8221;top&#8221; css=&#8221;.vc_custom_1768741634894{margin-top: 0px !important;padding-top: 0px !important;}&#8221;][vc_column width=&#8221;1\/2&#8243;][vc_column_text]<\/p>\n<h5>Permis de conducere categoria \u201cB\u201d &#8211; autovehicul al c\u0103rui num\u0103r de locuri pe scaune, \u00een afara locului conduc\u0103torului, nu este mai mare de 8 locuri \u015fi a c\u0103rui mas\u0103 total\u0103 maxim\u0103 autorizat\u0103 nu dep\u0103\u015fe\u015fte 3500 kg; ansamblu format dintr-un autovehicul tr\u0103g\u0103tor din categoria B \u015fi o remorc\u0103 a c\u0103rei mas\u0103 total\u0103 maxim\u0103 autorizat\u0103 nu dep\u0103\u015fe\u015fte 750 kg; ansamblu de vehicule format dintr-un vehicul tr\u0103g\u0103tor din categoria B \u015fi o remorc\u0103 a c\u0103rei mas\u0103 total\u0103 maxim\u0103 autorizat\u0103 este mai mare de 750 kg, dar nu mai mare dec\u00eet masa proprie a autovehiculului tr\u0103g\u0103tor, iar masa total\u0103 maxim\u0103 autorizat\u0103 a \u00eentregului ansamblu nu dep\u0103\u015fe\u015fte 3500 kg.<\/h5>\n<p>[\/vc_column_text][\/vc_column][vc_column width=&#8221;1\/2&#8243;][vc_single_image image=&#8221;2455&#8243; img_size=&#8221;full&#8221;][\/vc_column][\/vc_row][vc_row][vc_column width=&#8221;1\/2&#8243;][vc_message icon_fontawesome=&#8221;fas fa-file-pdf&#8221;]<\/p>\n<h4><a href=\"https:\/\/forsaj-auto.md\/wp-content\/uploads\/2026\/01\/regulamentul-cu-privire-la-permisul-de-conducere.pdf\" target=\"_blank\" rel=\"nofollow noopener\">Regulamentul cu privire la permisul de conducere<\/a><\/h4>\n<p>[\/vc_message][vc_message icon_fontawesome=&#8221;fas fa-file-pdf&#8221;]<\/p>\n<h4><a href=\"https:\/\/forsaj-auto.md\/wp-content\/uploads\/2026\/01\/prilozhenie-\u21161-k-pdd.pdf\" target=\"_blank\" rel=\"nofollow noopener\">Anexa \u21161 la RCR <\/a><\/h4>\n<p>[\/vc_message][vc_message icon_fontawesome=&#8221;fas fa-file-pdf&#8221;]<\/p>\n<h4><a href=\"https:\/\/forsaj-auto.md\/wp-content\/uploads\/2026\/01\/prilozhenie-\u21163-k-pdd.pdf\" target=\"_blank\" rel=\"nofollow noopener\">Anexa \u21163 la RCR <\/a><\/h4>\n<p>[\/vc_message][vc_message icon_fontawesome=&#8221;fas fa-file-pdf&#8221;]<\/p>\n<h4><a href=\"https:\/\/forsaj-auto.md\/wp-content\/uploads\/2026\/01\/prilozhenie-\u21165-k-pdd.pdf\" target=\"_blank\" rel=\"nofollow noopener\">Anexa \u21165 la RCR <\/a><\/h4>\n<p>[\/vc_message][\/vc_column][vc_column width=&#8221;1\/2&#8243;][vc_message icon_fontawesome=&#8221;fas fa-file-pdf&#8221;]<\/p>\n<h4><a href=\"https:\/\/forsaj-auto.md\/wp-content\/uploads\/2026\/01\/normele-cu-privire-la-examinarea-medicala-a-conducatorilor-auto.pdf\" target=\"_blank\" rel=\"nofollow noopener\">Normele cu privire la examinarea medical\u0103 a conduc\u0103torilor auto<\/a><\/h4>\n<p>[\/vc_message][vc_message icon_fontawesome=&#8221;fas fa-file-pdf&#8221;]<\/p>\n<h4><a href=\"https:\/\/forsaj-auto.md\/wp-content\/uploads\/2026\/01\/prilozhenie-\u21162-k-pdd.pdf\" target=\"_blank\" rel=\"nofollow noopener\">Anexa \u21162 la RCR <\/a><\/h4>\n<p>[\/vc_message][vc_message icon_fontawesome=&#8221;fas fa-file-pdf&#8221;]<\/p>\n<h4><a href=\"https:\/\/forsaj-auto.md\/wp-content\/uploads\/2026\/01\/prilozhenie-\u21164-k-pdd.pdf\" target=\"_blank\" rel=\"nofollow noopener\">Anexa \u21164 la RCR <\/a><\/h4>\n<p>[\/vc_message][vc_message icon_fontawesome=&#8221;fas fa-file-pdf&#8221;]<\/p>\n<h4><a href=\"https:\/\/forsaj-auto.md\/wp-content\/uploads\/2026\/01\/prilozhenie-\u21166-k-pdd.pdf\" target=\"_blank\" rel=\"nofollow noopener\">Anexa \u21166 la RCR <\/a><\/h4>\n<p>[\/vc_message][\/vc_column][\/vc_row][vc_row top_margin=&#8221;page-margin-top-section&#8221; gap=&#8221;10&#8243; equal_height=&#8221;yes&#8221; content_placement=&#8221;top&#8221; css=&#8221;.vc_custom_1768571265515{padding-top: 20px !important;padding-bottom: 20px !important;}&#8221;][vc_column][vc_column_text]<\/p>\n<h2 style=\"text-align: center;\">\u00a0DE CE \u0218COALA AUTO FOR\u0218AJ ?<\/h2>\n<p>[\/vc_column_text][\/vc_column][\/vc_row][vc_row top_margin=&#8221;page-margin-top-section&#8221; gap=&#8221;10&#8243; equal_height=&#8221;yes&#8221; content_placement=&#8221;top&#8221;][vc_column width=&#8221;1\/4&#8243;][vc_single_image image=&#8221;2397&#8243; img_size=&#8221;medium&#8221;][vc_column_text]Suntem printre primii \u00een B\u0103l\u021bi dup\u0103 rata de promovare a examenelor teoretice \u0219i practice din prima \u00eencercare![\/vc_column_text][\/vc_column][vc_column width=&#8221;1\/4&#8243;][vc_single_image image=&#8221;2395&#8243; img_size=&#8221;medium&#8221;][vc_column_text]Instructori cu experien\u021b\u0103, care ofer\u0103 o instruire de calitate \u0219i personalizeaz\u0103 lec\u021biile \u00een func\u021bie de nevoile fiec\u0103rui cursant.[\/vc_column_text][\/vc_column][vc_column width=&#8221;1\/4&#8243;][vc_single_image image=&#8221;2393&#8243; img_size=&#8221;medium&#8221;][vc_column_text]Vehicule moderne \u0219i bine \u00eentr\u021binute, care asigur\u0103 cursan\u021bilor condi\u021bii optime de \u00eenv\u0103\u021bare \u0219i o experien\u021b\u0103 realist\u0103 de condus.[\/vc_column_text][\/vc_column][vc_column width=&#8221;1\/4&#8243;][vc_single_image image=&#8221;2391&#8243; img_size=&#8221;medium&#8221;][vc_column_text]<\/p>\n<div class=\"oKdM2c ZZyype\">\n<div id=\"h.fd2a13f946e4303_135\" class=\"hJDwNd-AhqUyc-c5RTEf Ft7HRd-AhqUyc-c5RTEf purZT-AhqUyc-c5RTEf ZcASvf-AhqUyc-c5RTEf pSzOP-AhqUyc-c5RTEf Ktthjf-AhqUyc-c5RTEf jXK9ad D2fZ2 zu5uec wHaque g5GTcb\">\n<div class=\"jXK9ad-SmKAyb\">\n<div class=\"tyJCtd mGzaTb Depvyb baZpAe\">\n<p class=\"zfr3Q CDt4Ke \" dir=\"ltr\"><span class=\"C9DxTc \">Suport complex, de la \u00eenscriere p\u00e2n\u0103 la finalizarea cursurilor \u0219i sus\u021binerea examenelor, asigur\u00e2nd o experien\u021b\u0103 f\u0103r\u0103 stres pentru cursan\u021bi.<\/span><\/p>\n<\/div>\n<\/div>\n<\/div>\n<\/div>\n<p>[\/vc_column_text][\/vc_column][\/vc_row]<\/p>\n","protected":false},"excerpt":{"rendered":"<p>[vc_row top_margin=&#8221;page-margin-top-section&#8221; gap=&#8221;20&#8243; css=&#8221;.vc_custom_1768741684210{margin-bottom: 0px !important;padding-bottom: 0px !important;}&#8221;][vc_column width=&#8221;1\/4&#8243;][vc_single_image image=&#8221;2360&#8243; img_size=&#8221;medium&#8221;][\/vc_column][vc_column width=&#8221;3\/4&#8243;][vc_column_text] Informa\u021bii utile &nbsp; \u00cen aceast\u0103 pagin\u0103 V\u0103 vom prezenta un \u015fir de acte pe care V\u0103 \u00eencuraj\u0103m s\u0103 le studia\u0163i cu aten\u0163ie. [\/vc_column_text][\/vc_column][\/vc_row][vc_row top_margin=&#8221;page-margin-top-section&#8221; gap=&#8221;10&#8243; full_height=&#8221;yes&#8221; equal_height=&#8221;yes&#8221; content_placement=&#8221;top&#8221; css=&#8221;.vc_custom_1768741634894{margin-top: 0px !important;padding-top: 0px !important;}&#8221;][vc_column width=&#8221;1\/2&#8243;][vc_column_text] Permis de conducere categoria \u201cB\u201d &#8211; autovehicul al c\u0103rui<\/p>\n","protected":false},"author":1,"featured_media":0,"parent":2434,"menu_order":0,"comment_status":"closed","ping_status":"closed","template":"","meta":{"footnotes":""},"class_list":["post-2454","page","type-page","status-publish","hentry"],"aioseo_notices":[],"_links":{"self":[{"href":"https:\/\/forsaj-auto.md\/ro\/wp-json\/wp\/v2\/pages\/2454","targetHints":{"allow":["GET"]}}],"collection":[{"href":"https:\/\/forsaj-auto.md\/ro\/wp-json\/wp\/v2\/pages"}],"about":[{"href":"https:\/\/forsaj-auto.md\/ro\/wp-json\/wp\/v2\/types\/page"}],"author":[{"embeddable":true,"href":"https:\/\/forsaj-auto.md\/ro\/wp-json\/wp\/v2\/users\/1"}],"replies":[{"embeddable":true,"href":"https:\/\/forsaj-auto.md\/ro\/wp-json\/wp\/v2\/comments?post=2454"}],"version-history":[{"count":3,"href":"https:\/\/forsaj-auto.md\/ro\/wp-json\/wp\/v2\/pages\/2454\/revisions"}],"predecessor-version":[{"id":2652,"href":"https:\/\/forsaj-auto.md\/ro\/wp-json\/wp\/v2\/pages\/2454\/revisions\/2652"}],"up":[{"embeddable":true,"href":"https:\/\/forsaj-auto.md\/ro\/wp-json\/wp\/v2\/pages\/2434"}],"wp:attachment":[{"href":"https:\/\/forsaj-auto.md\/ro\/wp-json\/wp\/v2\/media?parent=2454"}],"curies":[{"name":"wp","href":"https:\/\/api.w.org\/{rel}","templated":true}]}}