{"id":2496,"date":"2026-01-18T22:56:41","date_gmt":"2026-01-18T19:56:41","guid":{"rendered":"https:\/\/forsaj-auto.md\/?page_id=2496"},"modified":"2026-01-19T00:17:39","modified_gmt":"2026-01-18T21:17:39","slug":"etape","status":"publish","type":"page","link":"https:\/\/forsaj-auto.md\/ro\/autoschool\/etape\/","title":{"rendered":"Procesul \u015fi etapele"},"content":{"rendered":"<p>[vc_row top_margin=&#8221;page-margin-top-section&#8221; gap=&#8221;20&#8243; css=&#8221;.vc_custom_1768741684210{margin-bottom: 0px !important;padding-bottom: 0px !important;}&#8221;][vc_column width=&#8221;1\/4&#8243;][vc_single_image image=&#8221;2360&#8243; img_size=&#8221;medium&#8221;][\/vc_column][vc_column width=&#8221;3\/4&#8243;][vc_column_text]<\/p>\n<h2 style=\"text-align: center;\">Pa\u0219ii pe care trebuie s\u0103-i urmezi<\/h2>\n<p>&nbsp;<\/p>\n<h3 style=\"text-align: center;\">5 pa\u0219i pentru ob\u021binerea permisului de conducere<\/h3>\n<hr \/>\n<p>[\/vc_column_text][\/vc_column][\/vc_row][vc_row top_margin=&#8221;page-margin-top-section&#8221;][vc_column width=&#8221;1\/3&#8243;][vc_column_text]<\/p>\n<h3><span style=\"color: #ff0000;\">1. Depunerea cererii<\/span><\/h3>\n<p><strong>Acte necesare:<\/strong><\/p>\n<ul>\n<li>Buletinul de identitate valabil \u00een original;<\/li>\n<li>Taxa pentru teorie;<\/li>\n<li>Forma numarul 083-e de la medicul de familie.<\/li>\n<\/ul>\n<p>[\/vc_column_text][vc_empty_space][vc_column_text]<\/p>\n<h3><span style=\"color: #ff0000;\">3. Sus\u021binerea examenelor interne<\/span><\/h3>\n<p>Examenul teoretic intern se sus\u021bine la data stabilit\u0103 de profesorul dvs.<\/p>\n<p><strong>La ob\u021binerea calificativelor:<\/strong><br \/>\nADMIS<br \/>\nV\u0103 programa\u021bi la practic\u0103.<br \/>\nRESPINS<br \/>\nV\u0103 prezenta\u021bi de luni-vineri de la 09:00-12:00 \u0219i de la 13:30-16:00 la sus\u021binerea repetat\u0103.[\/vc_column_text][vc_empty_space][vc_column_text]<\/p>\n<h3><span style=\"color: #ff0000;\">5. Sus\u021binerea examenelor Externe (ASP)<\/span><\/h3>\n<p><strong>Felicit\u0103ri ai absolvit cu succes \u0218coala auto Forsaj!<\/strong><\/p>\n<p>Programarea la examenele externe se efectueaz\u0103 online pe siteul <a href=\"https:\/\/www.asp.gov.md\/ro\/programare\/examen\" target=\"_blank\" rel=\"nofollow noopener\">https:\/\/www.asp.gov.md\/ro\/programare\/examen<\/a>[\/vc_column_text][\/vc_column][vc_column width=&#8221;1\/3&#8243;][vc_single_image image=&#8221;2497&#8243; img_size=&#8221;full&#8221;][\/vc_column][vc_column width=&#8221;1\/3&#8243;][vc_empty_space height=&#8221;90px&#8221;][vc_column_text]<\/p>\n<h3><span style=\"color: #ff0000;\">2. Frecventarea orelor de teorie \u0219i desf\u0103\u0219urarea orelor de practic\u0103<\/span><\/h3>\n<p><strong>Teoria<\/strong> \u2013 3 luni, prezen\u021ba de 2 ori pe s\u0103t\u0103m\u00een\u0103 conform programului stabilit.<\/p>\n<p><strong>Practica:<\/strong> 24 lec\u021bii cu durata de 90 minute (15 lec\u021bii cu Skoda Fabia \u0219i 9 lec\u021bii cu Skoda Scala)[\/vc_column_text][vc_empty_space][vc_column_text]<\/p>\n<h3><span style=\"color: #ff0000;\">4. Eliberarea actelor de \u0219colarizare<\/span><\/h3>\n<p>Eliberarea actelor de \u0219colarizare se efectuiaz\u0103 de mar\u021bi p\u00een\u0103 vineri de la 13:30- 16:30.<\/p>\n<p>\u00cen dosar trebuie s\u0103 se reg\u0103seasc\u0103:<\/p>\n<ul>\n<li>Fi\u0219a de practic\u0103<\/li>\n<li>Forma 083 (de la medicul de familie)<\/li>\n<li>Fi\u0219a de examinare teoretic\u0103 \u0219i practic\u0103<\/li>\n<\/ul>\n<p>[\/vc_column_text][\/vc_column][\/vc_row][vc_row top_margin=&#8221;page-margin-top-section&#8221; gap=&#8221;10&#8243; equal_height=&#8221;yes&#8221; content_placement=&#8221;top&#8221; css=&#8221;.vc_custom_1768748275503{padding-top: 20px !important;padding-bottom: 20px !important;}&#8221;][vc_column][vc_column_text css=&#8221;.vc_custom_1768765895449{padding-bottom: 50px !important;}&#8221;]<\/p>\n<h2 style=\"text-align: center;\">\u00centreb\u0103ri des adresate:<\/h2>\n<p>[\/vc_column_text][vc_toggle title=&#8221;Este obligatoriu s\u0103 fac cursuri de teorie, chiar dac\u0103 o cunosc?&#8221;]<\/p>\n<div class=\"elementor-element elementor-element-49a7e95 elementor-widget__width-inherit exad-sticky-section-no exad-glass-effect-no elementor-widget elementor-widget-text-editor\" data-id=\"49a7e95\" data-element_type=\"widget\" data-widget_type=\"text-editor.default\">\n<div class=\"elementor-widget-container\">\n<p>Desigur ca este obligatoriu, la fel ca \u0219i lec\u021biile practice.<\/p>\n<\/div>\n<\/div>\n<p>[\/vc_toggle][vc_toggle title=&#8221;C\u00e2te lec\u021bii practice am nevoie pentru a cunoa\u0219te sa conduc?&#8221;]<\/p>\n<div class=\"elementor-element elementor-element-ff1c763 elementor-widget__width-inherit exad-sticky-section-no exad-glass-effect-no elementor-widget elementor-widget-text-editor\" data-id=\"ff1c763\" data-element_type=\"widget\" data-widget_type=\"text-editor.default\">\n<div class=\"elementor-widget-container\">\n<p>Fiecare persoan\u0103 asimileaz\u0103 informa\u021bia diferit, dar minimul de lec\u021bii practice este de 24 la num\u0103r.<\/p>\n<\/div>\n<\/div>\n<p>[\/vc_toggle][vc_toggle title=&#8221;Dup\u0103 ce primesc actele de la \u0219coala auto c\u00e2t timp pot sus\u021bine la ASP?&#8221;]<\/p>\n<div class=\"elementor-element elementor-element-10d0e65 elementor-widget__width-inherit exad-sticky-section-no exad-glass-effect-no elementor-widget elementor-widget-text-editor\" data-id=\"10d0e65\" data-element_type=\"widget\" data-widget_type=\"text-editor.default\">\n<div class=\"elementor-widget-container\">\n<p>Dup\u0103 ce v\u0103 oferim actele ca a\u021bi\u00a0 finisat la noi cu succes \u0219coala auto, ave\u021bi la dispozi\u021bie un an s\u0103 sus\u021bine\u021bi examenul de practica la ASP.<\/p>\n<\/div>\n<\/div>\n<p>[\/vc_toggle][vc_toggle title=&#8221;Ce se \u00eent\u00e2mpl\u0103 dac\u0103 la \u0219coala auto nu sus\u021bin din prima un examen?&#8221;]<\/p>\n<div class=\"elementor-element elementor-element-8a26c33 elementor-widget__width-inherit exad-sticky-section-no exad-glass-effect-no elementor-widget elementor-widget-text-editor\" data-id=\"8a26c33\" data-element_type=\"widget\" data-widget_type=\"text-editor.default\">\n<div class=\"elementor-widget-container\">\n<p>Cu siguran\u021b\u0103 nu intra\u021bi \u00een panic\u0103, oric\u00e2nd pute\u021bi sus\u021bine un examen repetat \u00een caz de a\u021bi primit calificativul ,,Respins\u201d.<\/p>\n<\/div>\n<\/div>\n<p>[\/vc_toggle][vc_toggle title=&#8221;C\u00e2t de mult dureaz\u0103 o lec\u021bie practica la Forsaj?&#8221;]<\/p>\n<div class=\"elementor-element elementor-element-b6a5f08 elementor-widget__width-inherit exad-sticky-section-no exad-glass-effect-no elementor-widget elementor-widget-text-editor\" data-id=\"b6a5f08\" data-element_type=\"widget\" data-widget_type=\"text-editor.default\">\n<div class=\"elementor-widget-container\">\n<p>O lec\u021bie practic\u0103, indiferent c\u0103 o realiza\u021bi la poligon sau \u00een ora\u0219, dureaz\u0103 o ora jumate.<\/p>\n<\/div>\n<\/div>\n<p>[\/vc_toggle][vc_toggle title=&#8221;Ar putea un prieten sau cuno\u0219tin\u021b\u0103 s\u0103 m\u0103 \u00eenve\u021be practica?&#8221;]<\/p>\n<div class=\"elementor-element elementor-element-eb7e646 elementor-widget__width-inherit exad-sticky-section-no exad-glass-effect-no elementor-widget elementor-widget-text-editor\" data-id=\"eb7e646\" data-element_type=\"widget\" data-widget_type=\"text-editor.default\">\n<div class=\"elementor-widget-container\">\n<p>Nu, din acest motiv exist\u0103 \u0219colile auto cu profesori licen\u021bia\u021bi, cu experien\u021b\u0103 \u0219i mult\u0103 r\u0103bdare .<\/p>\n<\/div>\n<\/div>\n<p>[\/vc_toggle][\/vc_column][\/vc_row][vc_row top_margin=&#8221;page-margin-top-section&#8221; gap=&#8221;10&#8243; equal_height=&#8221;yes&#8221; content_placement=&#8221;top&#8221; css=&#8221;.vc_custom_1768571265515{padding-top: 20px !important;padding-bottom: 20px !important;}&#8221;][vc_column][vc_column_text]<\/p>\n<h2 style=\"text-align: center;\">\u00a0DE CE \u0218COALA AUTO FOR\u0218AJ ?<\/h2>\n<p>[\/vc_column_text][\/vc_column][\/vc_row][vc_row top_margin=&#8221;page-margin-top-section&#8221; gap=&#8221;10&#8243; equal_height=&#8221;yes&#8221; content_placement=&#8221;top&#8221;][vc_column width=&#8221;1\/4&#8243;][vc_single_image image=&#8221;2397&#8243; img_size=&#8221;medium&#8221;][vc_column_text]Suntem printre primii \u00een B\u0103l\u021bi dup\u0103 rata de promovare a examenelor teoretice \u0219i practice din prima \u00eencercare![\/vc_column_text][\/vc_column][vc_column width=&#8221;1\/4&#8243;][vc_single_image image=&#8221;2395&#8243; img_size=&#8221;medium&#8221;][vc_column_text]Instructori cu experien\u021b\u0103, care ofer\u0103 o instruire de calitate \u0219i personalizeaz\u0103 lec\u021biile \u00een func\u021bie de nevoile fiec\u0103rui cursant.[\/vc_column_text][\/vc_column][vc_column width=&#8221;1\/4&#8243;][vc_single_image image=&#8221;2393&#8243; img_size=&#8221;medium&#8221;][vc_column_text]Vehicule moderne \u0219i bine \u00eentr\u021binute, care asigur\u0103 cursan\u021bilor condi\u021bii optime de \u00eenv\u0103\u021bare \u0219i o experien\u021b\u0103 realist\u0103 de condus.[\/vc_column_text][\/vc_column][vc_column width=&#8221;1\/4&#8243;][vc_single_image image=&#8221;2391&#8243; img_size=&#8221;medium&#8221;][vc_column_text]<span class=\"C9DxTc \">Suport complex, de la \u00eenscriere p\u00e2n\u0103 la finalizarea cursurilor \u0219i sus\u021binerea examenelor, asigur\u00e2nd o experien\u021b\u0103 f\u0103r\u0103 stres pentru cursan\u021bi.<\/span>[\/vc_column_text][\/vc_column][\/vc_row]<\/p>\n","protected":false},"excerpt":{"rendered":"<p>[vc_row top_margin=&#8221;page-margin-top-section&#8221; gap=&#8221;20&#8243; css=&#8221;.vc_custom_1768741684210{margin-bottom: 0px !important;padding-bottom: 0px !important;}&#8221;][vc_column width=&#8221;1\/4&#8243;][vc_single_image image=&#8221;2360&#8243; img_size=&#8221;medium&#8221;][\/vc_column][vc_column width=&#8221;3\/4&#8243;][vc_column_text] Pa\u0219ii pe care trebuie s\u0103-i urmezi &nbsp; 5 pa\u0219i pentru ob\u021binerea permisului de conducere [\/vc_column_text][\/vc_column][\/vc_row][vc_row top_margin=&#8221;page-margin-top-section&#8221;][vc_column width=&#8221;1\/3&#8243;][vc_column_text] 1. Depunerea cererii Acte necesare: Buletinul de identitate valabil \u00een original; Taxa pentru teorie; Forma numarul 083-e de la medicul de familie. [\/vc_column_text][vc_empty_space][vc_column_text] 3. Sus\u021binerea examenelor<\/p>\n","protected":false},"author":1,"featured_media":0,"parent":2434,"menu_order":0,"comment_status":"closed","ping_status":"closed","template":"","meta":{"footnotes":""},"class_list":["post-2496","page","type-page","status-publish","hentry"],"aioseo_notices":[],"_links":{"self":[{"href":"https:\/\/forsaj-auto.md\/ro\/wp-json\/wp\/v2\/pages\/2496","targetHints":{"allow":["GET"]}}],"collection":[{"href":"https:\/\/forsaj-auto.md\/ro\/wp-json\/wp\/v2\/pages"}],"about":[{"href":"https:\/\/forsaj-auto.md\/ro\/wp-json\/wp\/v2\/types\/page"}],"author":[{"embeddable":true,"href":"https:\/\/forsaj-auto.md\/ro\/wp-json\/wp\/v2\/users\/1"}],"replies":[{"embeddable":true,"href":"https:\/\/forsaj-auto.md\/ro\/wp-json\/wp\/v2\/comments?post=2496"}],"version-history":[{"count":5,"href":"https:\/\/forsaj-auto.md\/ro\/wp-json\/wp\/v2\/pages\/2496\/revisions"}],"predecessor-version":[{"id":2695,"href":"https:\/\/forsaj-auto.md\/ro\/wp-json\/wp\/v2\/pages\/2496\/revisions\/2695"}],"up":[{"embeddable":true,"href":"https:\/\/forsaj-auto.md\/ro\/wp-json\/wp\/v2\/pages\/2434"}],"wp:attachment":[{"href":"https:\/\/forsaj-auto.md\/ro\/wp-json\/wp\/v2\/media?parent=2496"}],"curies":[{"name":"wp","href":"https:\/\/api.w.org\/{rel}","templated":true}]}}