{"id":2514,"date":"2026-01-18T23:22:32","date_gmt":"2026-01-18T20:22:32","guid":{"rendered":"https:\/\/forsaj-auto.md\/?page_id=2514"},"modified":"2026-01-18T23:22:32","modified_gmt":"2026-01-18T20:22:32","slug":"centrul-de-instruire","status":"publish","type":"page","link":"https:\/\/forsaj-auto.md\/ro\/autoschool\/centrul-de-instruire\/","title":{"rendered":"Centrul de instruire"},"content":{"rendered":"<p>[vc_row equal_height=&#8221;yes&#8221; css=&#8221;.vc_custom_1768749441821{padding-top: 20px !important;padding-bottom: 20px !important;}&#8221;][vc_column][vc_single_image image=&#8221;2517&#8243; img_size=&#8221;full&#8221;][\/vc_column][\/vc_row][vc_row top_margin=&#8221;page-margin-top-section&#8221; gap=&#8221;20&#8243; css=&#8221;.vc_custom_1768741684210{margin-bottom: 0px !important;padding-bottom: 0px !important;}&#8221;][vc_column width=&#8221;1\/2&#8243;][vc_single_image image=&#8221;2360&#8243; img_size=&#8221;medium&#8221;][\/vc_column][vc_column width=&#8221;1\/2&#8243;][vc_column_text]<\/p>\n<h2 style=\"text-align: center;\">Centrul de instruire \u0219i perfec\u0163ionare profesional\u0103<\/h2>\n<p>&nbsp;<\/p>\n<h3 style=\"text-align: center;\">Oferim servicii calitative cu un personal calificat la standarde europene. Aici primesti acte recunoscute la nivel european!<\/h3>\n<p>[\/vc_column_text][\/vc_column][\/vc_row][vc_row top_margin=&#8221;page-margin-top&#8221; equal_height=&#8221;yes&#8221; content_placement=&#8221;middle&#8221; css=&#8221;.vc_custom_1768749812262{padding-top: 20px !important;padding-bottom: 20px !important;}&#8221;][vc_column][vc_column_text css=&#8221;.vc_custom_1768767540119{padding-bottom: 50px !important;}&#8221;]<\/p>\n<h2 style=\"text-align: center;\">Obiectivele ce ne reprezint\u0103:<\/h2>\n<p>[\/vc_column_text][\/vc_column][\/vc_row][vc_row][vc_column width=&#8221;1\/3&#8243;][vc_single_image image=&#8221;2526&#8243; img_size=&#8221;full&#8221; css=&#8221;.vc_custom_1768749860066{padding-bottom: 30px !important;}&#8221;][vc_column_text]<\/p>\n<h3>Speciali\u0219ti califica\u021bi<\/h3>\n<p>Centrul nostru de instruire asigur\u0103 preg\u0103tirea unor speciali\u0219ti competen\u021bi, cu o calificare \u00eenalt\u0103 \u00een domeniul transporturilor. Activitatea de formare este orientat\u0103 spre dezvoltarea abilit\u0103\u021bilor necesare pentru organizarea \u0219i desf\u0103\u0219urarea transportului na\u021bional \u0219i interna\u021bional de m\u0103rfuri \u0219i pasageri.[\/vc_column_text][\/vc_column][vc_column width=&#8221;1\/3&#8243;][vc_single_image image=&#8221;2524&#8243; img_size=&#8221;full&#8221; css=&#8221;.vc_custom_1768749864583{padding-bottom: 30px !important;}&#8221;][vc_column_text]<\/p>\n<h3>Cuno\u0219tin\u021be specializate<\/h3>\n<p>Participan\u021bii la cursuri dob\u00e2ndesc cuno\u0219tin\u021be specializate \u00een domenii esen\u021biale precum:<\/p>\n<ul>\n<li>legisla\u021bia transporturilor \u0219i dreptul rutier,<\/li>\n<li>reglement\u0103ri vamale,<\/li>\n<li>aspecte tehnice \u0219i economice,<\/li>\n<li>no\u021biuni comerciale \u0219i financiare,<\/li>\n<li>toate adaptate activit\u0103\u021bii de afaceri din transporturile na\u021bionale \u0219i interna\u021bionale.<\/li>\n<\/ul>\n<p>[\/vc_column_text][\/vc_column][vc_column width=&#8221;1\/3&#8243;][vc_single_image image=&#8221;2522&#8243; img_size=&#8221;full&#8221; css=&#8221;.vc_custom_1768749870347{padding-bottom: 30px !important;}&#8221;][vc_column_text]<\/p>\n<h3>Profesori certifica\u021bi<\/h3>\n<p>Instruirea este realizat\u0103 de formatori \u0219i profesori certifica\u021bi, cu experien\u021b\u0103 vast\u0103 \u00een domeniul transportului auto, care de\u021bin o \u00eenalt\u0103 calificare profesional\u0103 \u0219i aplic\u0103 metode moderne de predare, adaptate cerin\u021belor actuale din domeniu.[\/vc_column_text][\/vc_column][\/vc_row][vc_row top_margin=&#8221;page-margin-top-section&#8221; gap=&#8221;10&#8243; equal_height=&#8221;yes&#8221; content_placement=&#8221;top&#8221; css=&#8221;.vc_custom_1768748275503{padding-top: 20px !important;padding-bottom: 20px !important;}&#8221;][vc_column width=&#8221;1\/2&#8243;][vc_column_text css=&#8221;.vc_custom_1768767635976{padding-bottom: 50px !important;}&#8221;]<\/p>\n<h2 style=\"text-align: center;\">Cum ob\u021bii certificatul de competen\u021b\u0103 de conduc\u0103tor auto profesionist?<\/h2>\n<p>[\/vc_column_text][\/vc_column][vc_column width=&#8221;1\/2&#8243;][vc_single_image image=&#8221;2543&#8243; img_size=&#8221;full&#8221;][\/vc_column][\/vc_row][vc_row gap=&#8221;10&#8243; equal_height=&#8221;yes&#8221; content_placement=&#8221;top&#8221; css=&#8221;.vc_custom_1768751104715{padding-top: 20px !important;padding-bottom: 20px !important;}&#8221;][vc_column][vc_column_text css=&#8221;.vc_custom_1768767752131{padding-bottom: 50px !important;}&#8221;]Pentru a putea practica activitatea de conduc\u0103tor auto antrenat \u00een activit\u0103\u021bi de transport rutier de m\u0103rfuri \u0219i persoane este necesar ob\u021binerea certificatului de competen\u021b\u0103 profesional\u0103.<\/p>\n<p>Certificatul de competen\u021b\u0103 profesional\u0103 se elibereaz\u0103 de c\u0103tre Agen\u021bia Na\u021bional\u0103 Transport Auto (ANTA) \u00een urma frecvent\u0103rii cursurilor de calificare \u00een cadrul unit\u0103\u021bilor de formare profesional\u0103 a personalului din domeniul transporturilor rutiere, activit\u0103\u021bii de conduc\u0103tor auto \u00een transportul rutier, etc., finalizate cu o examinare sub form\u0103 de test &#8211; gril\u0103 conceput pentru a evalua cuno\u0219tin\u021bele \u0219i abilit\u0103\u021bile dob\u00e2ndite pe parcursul cursurilor de calificare<\/p>\n<p>&nbsp;<\/p>\n<h2>Astfel, sunt dou\u0103 tipuri de calific\u0103ri:<\/h2>\n<p>&#8211; Calificare ini\u021bial\u0103 &#8211; atunci c\u00e2nd persoana nu a de\u021binut anterior un certificat de competen\u021b\u0103 profesional\u0103;<\/p>\n<p>&#8211; Calificare periodic\u0103 &#8211; atunci c\u00e2nd persoana anterior a de\u021binut un certificat de competen\u021b\u0103 profesional\u0103, dar a expirat termenul de valabilitate \u0219i este necesar\u0103 frecventarea unui curs periodic, pentru eliberarea unui certificat nou.<\/p>\n<p>&nbsp;<\/p>\n<h2>Condi\u021bii de ob\u021binere<\/h2>\n<p>Pentru ob\u021binerea certificatului de competen\u021b\u0103 profesional\u0103 al conduc\u0103torului auto, solicitantul trebuie s\u0103 prezinte urm\u0103toarele documente:<\/p>\n<ul>\n<li>Permisul de conducere valabil<\/li>\n<li>Certificatul de absolvire a cursului privind activitatea \u00een trafic na\u021bional \u0219i\/sau interna\u021bional<\/li>\n<\/ul>\n<p>&nbsp;<\/p>\n<h2>Evaluare \u0219i promovare<\/h2>\n<p>Evaluarea cuno\u0219tin\u021belor se face prin teste-gril\u0103, elaborate \u0219i aprobate de unit\u0103\u021bile de formare profesional\u0103 din domeniul transporturilor rutiere<\/p>\n<p>Testele sunt bazate pe programe oficiale de formare profesional\u0103<\/p>\n<p>Testul este considerat promovat \u00een cazul ob\u021binerii minimum 75% din punctajul maxim<\/p>\n<p>&nbsp;<\/p>\n<h2>Valabilitate \u0219i re\u00eennoire<\/h2>\n<p>Certificatul de competen\u021b\u0103 profesional\u0103 se elibereaz\u0103 pentru o perioad\u0103 de 5 ani<\/p>\n<p>Re\u00eennoirea certificatului se realizeaz\u0103 prin participarea la cursuri periodice de calificare profesional\u0103[\/vc_column_text][\/vc_column][\/vc_row]<\/p>\n","protected":false},"excerpt":{"rendered":"<p>[vc_row equal_height=&#8221;yes&#8221; css=&#8221;.vc_custom_1768749441821{padding-top: 20px !important;padding-bottom: 20px !important;}&#8221;][vc_column][vc_single_image image=&#8221;2517&#8243; img_size=&#8221;full&#8221;][\/vc_column][\/vc_row][vc_row top_margin=&#8221;page-margin-top-section&#8221; gap=&#8221;20&#8243; css=&#8221;.vc_custom_1768741684210{margin-bottom: 0px !important;padding-bottom: 0px !important;}&#8221;][vc_column width=&#8221;1\/2&#8243;][vc_single_image image=&#8221;2360&#8243; img_size=&#8221;medium&#8221;][\/vc_column][vc_column width=&#8221;1\/2&#8243;][vc_column_text] Centrul de instruire \u0219i perfec\u0163ionare profesional\u0103 &nbsp; Oferim servicii calitative cu un personal calificat la standarde europene. Aici primesti acte recunoscute la nivel european! [\/vc_column_text][\/vc_column][\/vc_row][vc_row top_margin=&#8221;page-margin-top&#8221; equal_height=&#8221;yes&#8221; content_placement=&#8221;middle&#8221; css=&#8221;.vc_custom_1768749812262{padding-top: 20px !important;padding-bottom: 20px !important;}&#8221;][vc_column][vc_column_text css=&#8221;.vc_custom_1768767540119{padding-bottom: 50px<\/p>\n","protected":false},"author":1,"featured_media":0,"parent":2434,"menu_order":0,"comment_status":"closed","ping_status":"closed","template":"","meta":{"footnotes":""},"class_list":["post-2514","page","type-page","status-publish","hentry"],"aioseo_notices":[],"_links":{"self":[{"href":"https:\/\/forsaj-auto.md\/ro\/wp-json\/wp\/v2\/pages\/2514","targetHints":{"allow":["GET"]}}],"collection":[{"href":"https:\/\/forsaj-auto.md\/ro\/wp-json\/wp\/v2\/pages"}],"about":[{"href":"https:\/\/forsaj-auto.md\/ro\/wp-json\/wp\/v2\/types\/page"}],"author":[{"embeddable":true,"href":"https:\/\/forsaj-auto.md\/ro\/wp-json\/wp\/v2\/users\/1"}],"replies":[{"embeddable":true,"href":"https:\/\/forsaj-auto.md\/ro\/wp-json\/wp\/v2\/comments?post=2514"}],"version-history":[{"count":3,"href":"https:\/\/forsaj-auto.md\/ro\/wp-json\/wp\/v2\/pages\/2514\/revisions"}],"predecessor-version":[{"id":2655,"href":"https:\/\/forsaj-auto.md\/ro\/wp-json\/wp\/v2\/pages\/2514\/revisions\/2655"}],"up":[{"embeddable":true,"href":"https:\/\/forsaj-auto.md\/ro\/wp-json\/wp\/v2\/pages\/2434"}],"wp:attachment":[{"href":"https:\/\/forsaj-auto.md\/ro\/wp-json\/wp\/v2\/media?parent=2514"}],"curies":[{"name":"wp","href":"https:\/\/api.w.org\/{rel}","templated":true}]}}