{"id":2561,"date":"2026-01-18T23:30:59","date_gmt":"2026-01-18T20:30:59","guid":{"rendered":"https:\/\/forsaj-auto.md\/?page_id=2561"},"modified":"2026-01-18T23:30:59","modified_gmt":"2026-01-18T20:30:59","slug":"conducator-auto-transport-persoane-in-trafic-national-international","status":"publish","type":"page","link":"https:\/\/forsaj-auto.md\/ro\/autoschool\/centrul-de-instruire\/conducator-auto-transport-persoane-in-trafic-national-international\/","title":{"rendered":"Conduc\u0103tor auto transport persoane \u00een trafic na\u021bional \/ interna\u021bional"},"content":{"rendered":"<p>[vc_row equal_height=&#8221;yes&#8221; css=&#8221;.vc_custom_1768749441821{padding-top: 20px !important;padding-bottom: 20px !important;}&#8221;][vc_column][vc_single_image image=&#8221;2517&#8243; img_size=&#8221;full&#8221;][\/vc_column][\/vc_row][vc_row top_margin=&#8221;page-margin-top&#8221; gap=&#8221;10&#8243; equal_height=&#8221;yes&#8221; content_placement=&#8221;bottom&#8221; css=&#8221;.vc_custom_1768751814768{margin-bottom: 0px !important;padding-bottom: 0px !important;}&#8221;][vc_column][vc_column_text]<\/p>\n<h2 style=\"text-align: center;\">Conduc\u0103tor auto transport persoane \u00een trafic na\u021bional \/ interna\u021bional<\/h2>\n<p>[\/vc_column_text][\/vc_column][\/vc_row][vc_row gap=&#8221;10&#8243; equal_height=&#8221;yes&#8221; content_placement=&#8221;top&#8221; css=&#8221;.vc_custom_1768751104715{padding-top: 20px !important;padding-bottom: 20px !important;}&#8221;][vc_column css=&#8221;.vc_custom_1768752046362{padding-left: 70px !important;}&#8221;][vc_column_text css=&#8221;.vc_custom_1768768242390{padding-bottom: 50px !important;}&#8221;]<\/p>\n<h2>\u23f1 Durata cursului<\/h2>\n<p>Trafic na\u021bional: 24 ore<br \/>\nTrafic interna\u021bional: 36 ore<\/p>\n<p>&nbsp;<\/p>\n<h2>\ud83c\udf10 Limba de instruire<\/h2>\n<p>Rom\u00e2n\u0103<\/p>\n<p>&nbsp;<\/p>\n<h2>\ud83d\udcda Module studiate<\/h2>\n<ul>\n<li>Formare avansat\u0103 \u00een conducere auto ra\u021bional\u0103, bazat\u0103 pe reglement\u0103ri de siguran\u021b\u0103<\/li>\n<li>Aplicarea legisla\u021biei sociale \u00een transporturi<\/li>\n<li>S\u0103n\u0103tatea, siguran\u021ba rutier\u0103 \u0219i protec\u021bia mediului<\/li>\n<li>Servicii \u0219i logistic\u0103 \u00een transportul rutier de persoane<\/li>\n<li>Reglement\u0103ri interna\u021bionale \u00een domeniul transporturilor rutiere de persoane<\/li>\n<\/ul>\n<h2>\ud83d\udcc4 Acte necesare pentru \u00eenscriere<\/h2>\n<ul>\n<li>Buletin de identitate \u2013 \u00een original (la \u00eenregistrare \u0219i la evaluare)<\/li>\n<li>Permis de conducere \u2013 \u00een original (la \u00eenregistrare \u0219i la evaluare)<\/li>\n<\/ul>\n<p>Vechime \u00een munc\u0103 de minimum 3 ani \u00een calitate de conduc\u0103tor auto[\/vc_column_text][\/vc_column][\/vc_row]<\/p>\n","protected":false},"excerpt":{"rendered":"<p>[vc_row equal_height=&#8221;yes&#8221; css=&#8221;.vc_custom_1768749441821{padding-top: 20px !important;padding-bottom: 20px !important;}&#8221;][vc_column][vc_single_image image=&#8221;2517&#8243; img_size=&#8221;full&#8221;][\/vc_column][\/vc_row][vc_row top_margin=&#8221;page-margin-top&#8221; gap=&#8221;10&#8243; equal_height=&#8221;yes&#8221; content_placement=&#8221;bottom&#8221; css=&#8221;.vc_custom_1768751814768{margin-bottom: 0px !important;padding-bottom: 0px !important;}&#8221;][vc_column][vc_column_text] Conduc\u0103tor auto transport persoane \u00een trafic na\u021bional \/ interna\u021bional [\/vc_column_text][\/vc_column][\/vc_row][vc_row gap=&#8221;10&#8243; equal_height=&#8221;yes&#8221; content_placement=&#8221;top&#8221; css=&#8221;.vc_custom_1768751104715{padding-top: 20px !important;padding-bottom: 20px !important;}&#8221;][vc_column css=&#8221;.vc_custom_1768752046362{padding-left: 70px !important;}&#8221;][vc_column_text css=&#8221;.vc_custom_1768768242390{padding-bottom: 50px !important;}&#8221;] \u23f1 Durata cursului Trafic na\u021bional: 24 ore Trafic interna\u021bional: 36 ore &nbsp; \ud83c\udf10<\/p>\n","protected":false},"author":1,"featured_media":0,"parent":2514,"menu_order":0,"comment_status":"closed","ping_status":"closed","template":"","meta":{"footnotes":""},"class_list":["post-2561","page","type-page","status-publish","hentry"],"aioseo_notices":[],"_links":{"self":[{"href":"https:\/\/forsaj-auto.md\/ro\/wp-json\/wp\/v2\/pages\/2561","targetHints":{"allow":["GET"]}}],"collection":[{"href":"https:\/\/forsaj-auto.md\/ro\/wp-json\/wp\/v2\/pages"}],"about":[{"href":"https:\/\/forsaj-auto.md\/ro\/wp-json\/wp\/v2\/types\/page"}],"author":[{"embeddable":true,"href":"https:\/\/forsaj-auto.md\/ro\/wp-json\/wp\/v2\/users\/1"}],"replies":[{"embeddable":true,"href":"https:\/\/forsaj-auto.md\/ro\/wp-json\/wp\/v2\/comments?post=2561"}],"version-history":[{"count":2,"href":"https:\/\/forsaj-auto.md\/ro\/wp-json\/wp\/v2\/pages\/2561\/revisions"}],"predecessor-version":[{"id":2660,"href":"https:\/\/forsaj-auto.md\/ro\/wp-json\/wp\/v2\/pages\/2561\/revisions\/2660"}],"up":[{"embeddable":true,"href":"https:\/\/forsaj-auto.md\/ro\/wp-json\/wp\/v2\/pages\/2514"}],"wp:attachment":[{"href":"https:\/\/forsaj-auto.md\/ro\/wp-json\/wp\/v2\/media?parent=2561"}],"curies":[{"name":"wp","href":"https:\/\/api.w.org\/{rel}","templated":true}]}}