{"id":2564,"date":"2026-01-18T23:33:46","date_gmt":"2026-01-18T20:33:46","guid":{"rendered":"https:\/\/forsaj-auto.md\/?page_id=2564"},"modified":"2026-01-18T23:33:46","modified_gmt":"2026-01-18T20:33:46","slug":"conducator-auto-transport-persoane-in-regim-taxi","status":"publish","type":"page","link":"https:\/\/forsaj-auto.md\/ro\/autoschool\/centrul-de-instruire\/conducator-auto-transport-persoane-in-regim-taxi\/","title":{"rendered":"Conduc\u0103tor auto transport persoane \u00een regim TAXI"},"content":{"rendered":"<p>[vc_row equal_height=&#8221;yes&#8221; css=&#8221;.vc_custom_1768749441821{padding-top: 20px !important;padding-bottom: 20px !important;}&#8221;][vc_column][vc_single_image image=&#8221;2517&#8243; img_size=&#8221;full&#8221;][\/vc_column][\/vc_row][vc_row top_margin=&#8221;page-margin-top-section&#8221; gap=&#8221;10&#8243; equal_height=&#8221;yes&#8221; content_placement=&#8221;bottom&#8221; css=&#8221;.vc_custom_1768768425833{margin-bottom: 0px !important;padding-bottom: 0px !important;}&#8221;][vc_column][vc_column_text]<\/p>\n<h2 style=\"text-align: center;\">Conduc\u0103tor auto transport persoane \u00een regim TAXI<\/h2>\n<p>[\/vc_column_text][\/vc_column][\/vc_row][vc_row gap=&#8221;10&#8243; equal_height=&#8221;yes&#8221; content_placement=&#8221;top&#8221; css=&#8221;.vc_custom_1768751104715{padding-top: 20px !important;padding-bottom: 20px !important;}&#8221;][vc_column css=&#8221;.vc_custom_1768752046362{padding-left: 70px !important;}&#8221;][vc_column_text css=&#8221;.vc_custom_1768768412944{padding-bottom: 50px !important;}&#8221;]<\/p>\n<h2>\u23f1 Durata cursului<\/h2>\n<p>Formare ini\u021bial\u0103: 30 ore<br \/>\nFormare continu\u0103: 16 ore<\/p>\n<p>&nbsp;<\/p>\n<h2>\ud83c\udf10 Limba de instruire<\/h2>\n<p>Rom\u00e2n\u0103\/rus\u0103<\/p>\n<p>&nbsp;<\/p>\n<h2>\ud83d\udcda Module studiate<\/h2>\n<ul>\n<li>Elemente de drept civil<\/li>\n<li>Elemente de drept comercial<\/li>\n<li>Elemente de drept social<\/li>\n<li>Elemente de drept fiscal<\/li>\n<li>Elemente comerciale \u0219i financiare<\/li>\n<li>Accesul la pia\u021b\u0103 \u00een transportul taxi<\/li>\n<li>Standarde \u0219i aspecte tehnice<\/li>\n<li>Siguran\u021ba rutier\u0103<\/li>\n<li>Dotarea unit\u0103\u021bilor de transport utilizate la transportul persoanelor \u00een regim taxi<\/li>\n<li>Proceduri de deservire a clien\u021bilor<\/li>\n<li>Tarifele \u00een transportul rutier taxi<\/li>\n<li>Aparatul de taxat \u0219i verificarea metrologic\u0103<\/li>\n<\/ul>\n<p>&nbsp;<\/p>\n<h2>\ud83d\udcc4 Acte necesare pentru \u00eenscriere<\/h2>\n<ul>\n<li>Buletin de identitate \u2013 \u00een original (la \u00eenregistrare \u0219i la evaluare)<\/li>\n<li>Permis de conducere \u2013 \u00een original (la \u00eenregistrare \u0219i la evaluare)<\/li>\n<\/ul>\n<p>Vechime \u00een munc\u0103 de minimum 3 ani \u00een calitate de conduc\u0103tor auto[\/vc_column_text][\/vc_column][\/vc_row]<\/p>\n","protected":false},"excerpt":{"rendered":"<p>[vc_row equal_height=&#8221;yes&#8221; css=&#8221;.vc_custom_1768749441821{padding-top: 20px !important;padding-bottom: 20px !important;}&#8221;][vc_column][vc_single_image image=&#8221;2517&#8243; img_size=&#8221;full&#8221;][\/vc_column][\/vc_row][vc_row top_margin=&#8221;page-margin-top-section&#8221; gap=&#8221;10&#8243; equal_height=&#8221;yes&#8221; content_placement=&#8221;bottom&#8221; css=&#8221;.vc_custom_1768768425833{margin-bottom: 0px !important;padding-bottom: 0px !important;}&#8221;][vc_column][vc_column_text] Conduc\u0103tor auto transport persoane \u00een regim TAXI [\/vc_column_text][\/vc_column][\/vc_row][vc_row gap=&#8221;10&#8243; equal_height=&#8221;yes&#8221; content_placement=&#8221;top&#8221; css=&#8221;.vc_custom_1768751104715{padding-top: 20px !important;padding-bottom: 20px !important;}&#8221;][vc_column css=&#8221;.vc_custom_1768752046362{padding-left: 70px !important;}&#8221;][vc_column_text css=&#8221;.vc_custom_1768768412944{padding-bottom: 50px !important;}&#8221;] \u23f1 Durata cursului Formare ini\u021bial\u0103: 30 ore Formare continu\u0103: 16 ore &nbsp; \ud83c\udf10 Limba de<\/p>\n","protected":false},"author":1,"featured_media":0,"parent":2514,"menu_order":0,"comment_status":"closed","ping_status":"closed","template":"","meta":{"footnotes":""},"class_list":["post-2564","page","type-page","status-publish","hentry"],"aioseo_notices":[],"_links":{"self":[{"href":"https:\/\/forsaj-auto.md\/ro\/wp-json\/wp\/v2\/pages\/2564","targetHints":{"allow":["GET"]}}],"collection":[{"href":"https:\/\/forsaj-auto.md\/ro\/wp-json\/wp\/v2\/pages"}],"about":[{"href":"https:\/\/forsaj-auto.md\/ro\/wp-json\/wp\/v2\/types\/page"}],"author":[{"embeddable":true,"href":"https:\/\/forsaj-auto.md\/ro\/wp-json\/wp\/v2\/users\/1"}],"replies":[{"embeddable":true,"href":"https:\/\/forsaj-auto.md\/ro\/wp-json\/wp\/v2\/comments?post=2564"}],"version-history":[{"count":3,"href":"https:\/\/forsaj-auto.md\/ro\/wp-json\/wp\/v2\/pages\/2564\/revisions"}],"predecessor-version":[{"id":2663,"href":"https:\/\/forsaj-auto.md\/ro\/wp-json\/wp\/v2\/pages\/2564\/revisions\/2663"}],"up":[{"embeddable":true,"href":"https:\/\/forsaj-auto.md\/ro\/wp-json\/wp\/v2\/pages\/2514"}],"wp:attachment":[{"href":"https:\/\/forsaj-auto.md\/ro\/wp-json\/wp\/v2\/media?parent=2564"}],"curies":[{"name":"wp","href":"https:\/\/api.w.org\/{rel}","templated":true}]}}